{"id":3067,"date":"2026-01-05T11:02:40","date_gmt":"2026-01-05T11:02:40","guid":{"rendered":"https:\/\/greterlaw.com\/?page_id=3067"},"modified":"2026-01-05T11:04:29","modified_gmt":"2026-01-05T11:04:29","slug":"walter-greter","status":"publish","type":"page","link":"https:\/\/www.greterlaw.com\/de\/ueber-uns\/walter-greter\/","title":{"rendered":"Walter Greter"},"content":{"rendered":"\t\t<div data-elementor-type=\"wp-page\" data-elementor-id=\"3067\" class=\"elementor elementor-3067\">\n\t\t\t\t<div class=\"elementor-element elementor-element-df729f9 e-flex e-con-boxed e-con e-parent\" data-id=\"df729f9\" data-element_type=\"container\" data-e-type=\"container\">\n\t\t\t\t\t<div class=\"e-con-inner\">\n\t\t<div class=\"elementor-element elementor-element-d48af75 e-con-full e-flex e-con e-child\" data-id=\"d48af75\" data-element_type=\"container\" data-e-type=\"container\">\n\t\t\t\t<div class=\"elementor-element elementor-element-0d855cf elementor-widget elementor-widget-text-editor\" data-id=\"0d855cf\" data-element_type=\"widget\" data-e-type=\"widget\" data-widget_type=\"text-editor.default\">\n\t\t\t\t\t\t\t\t\t<p><b>Assistent \/ Trust Officer<\/b><\/p>\t\t\t\t\t\t\t\t<\/div>\n\t\t<div class=\"elementor-element elementor-element-eecf226 e-con-full e-flex e-con e-child\" data-id=\"eecf226\" data-element_type=\"container\" data-e-type=\"container\">\n\t\t\t\t<div class=\"elementor-element elementor-element-03a93fc elementor-widget elementor-widget-image\" data-id=\"03a93fc\" data-element_type=\"widget\" data-e-type=\"widget\" data-widget_type=\"image.default\">\n\t\t\t\t\t\t\t\t\t\t\t\t\t\t\t<img fetchpriority=\"high\" decoding=\"async\" width=\"616\" height=\"922\" src=\"https:\/\/www.greterlaw.com\/wp-content\/uploads\/2026\/01\/male-silhouette.jpg\" class=\"attachment-large size-large wp-image-3058\" alt=\"Male Employee Placeholder\" srcset=\"https:\/\/www.greterlaw.com\/wp-content\/uploads\/2026\/01\/male-silhouette.jpg 616w, https:\/\/www.greterlaw.com\/wp-content\/uploads\/2026\/01\/male-silhouette-200x300.jpg 200w\" sizes=\"(max-width: 616px) 100vw, 616px\" \/>\t\t\t\t\t\t\t\t\t\t\t\t\t\t\t<\/div>\n\t\t<div class=\"elementor-element elementor-element-ea8fde0 e-con-full e-flex e-con e-child\" data-id=\"ea8fde0\" data-element_type=\"container\" data-e-type=\"container\">\n\t\t\t\t<div class=\"elementor-element elementor-element-adcb328 elementor-widget elementor-widget-text-editor\" data-id=\"adcb328\" data-element_type=\"widget\" data-e-type=\"widget\" data-widget_type=\"text-editor.default\">\n\t\t\t\t\t\t\t\t\t<p>Walter Greter unterst\u00fctzt das Team von Greter &amp; Partner Rechtsanw\u00e4lte AG und SilverLane in allen administrativen und organisatorischen Belangen. Zu seinen Aufgaben geh\u00f6ren die Zahlungsabwicklung, die interne Administration, Dokumentationsprozesse sowie die Unterst\u00fctzung in Trust und Compliance Abl\u00e4ufen.\u00a0<\/p>\t\t\t\t\t\t\t\t<\/div>\n\t\t\t\t<\/div>\n\t\t\t\t<\/div>\n\t\t\t\t<\/div>\n\t\t\t\t\t<\/div>\n\t\t\t\t<\/div>\n\t\t\t\t<\/div>\n\t\t","protected":false},"excerpt":{"rendered":"<p>Assistent \/ Trust Officer Walter Greter unterst\u00fctzt das Team von Greter &amp; Partner Rechtsanw\u00e4lte AG und SilverLane in allen administrativen und organisatorischen Belangen. Zu seinen Aufgaben geh\u00f6ren die Zahlungsabwicklung, die interne Administration, Dokumentationsprozesse sowie die Unterst\u00fctzung in Trust und Compliance Abl\u00e4ufen.\u00a0<\/p>\n","protected":false},"author":1,"featured_media":0,"parent":1231,"menu_order":0,"comment_status":"closed","ping_status":"closed","template":"","meta":{"footnotes":""},"class_list":["post-3067","page","type-page","status-publish","hentry"],"blocksy_meta":[],"yoast_head":"<!-- This site is optimized with the Yoast SEO plugin v27.2 - https:\/\/yoast.com\/product\/yoast-seo-wordpress\/ -->\n<title>Walter Greter \u2013 Greter &amp; Partner Rechtsanw\u00e4lte AG\/ SilverLane<\/title>\n<meta name=\"description\" content=\"Als Assistent und Trust Officer unterst\u00fctzt Walter Greter das Team von Greter &amp; Partner Rechtsanw\u00e4lte AG mit grosser Sorgfalt in administrativen Prozessen, Abl\u00e4ufen sowie in Trust bezogenen Aufgaben.\" \/>\n<meta name=\"robots\" content=\"index, follow, max-snippet:-1, max-image-preview:large, max-video-preview:-1\" \/>\n<link rel=\"canonical\" href=\"https:\/\/www.greterlaw.com\/de\/ueber-uns\/walter-greter\/\" \/>\n<meta property=\"og:locale\" content=\"de_DE\" \/>\n<meta property=\"og:type\" content=\"article\" \/>\n<meta property=\"og:title\" content=\"Walter Greter \u2013 Greter &amp; Partner Rechtsanw\u00e4lte AG\/ SilverLane\" \/>\n<meta property=\"og:description\" content=\"Als Assistent und Trust Officer unterst\u00fctzt Walter Greter das Team von Greter &amp; Partner Rechtsanw\u00e4lte AG mit grosser Sorgfalt in administrativen Prozessen, Abl\u00e4ufen sowie in Trust bezogenen Aufgaben.\" \/>\n<meta property=\"og:url\" content=\"https:\/\/www.greterlaw.com\/de\/ueber-uns\/walter-greter\/\" \/>\n<meta property=\"og:site_name\" content=\"Greter &amp; Partner Rechtsanw\u00e4lte AG\" \/>\n<meta property=\"article:modified_time\" content=\"2026-01-05T11:04:29+00:00\" \/>\n<meta property=\"og:image\" content=\"https:\/\/greterlaw.com\/wp-content\/uploads\/2026\/01\/male-silhouette.jpg\" \/>\n<meta name=\"twitter:card\" content=\"summary_large_image\" \/>\n<meta name=\"twitter:label1\" content=\"Gesch\u00e4tzte Lesezeit\" \/>\n\t<meta name=\"twitter:data1\" content=\"1\u00a0Minute\" \/>\n<script type=\"application\/ld+json\" class=\"yoast-schema-graph\">{\"@context\":\"https:\/\/schema.org\",\"@graph\":[{\"@type\":\"WebPage\",\"@id\":\"https:\/\/www.greterlaw.com\/de\/ueber-uns\/walter-greter\/\",\"url\":\"https:\/\/www.greterlaw.com\/de\/ueber-uns\/walter-greter\/\",\"name\":\"Walter Greter \u2013 Greter & Partner Rechtsanw\u00e4lte AG\/ SilverLane\",\"isPartOf\":{\"@id\":\"https:\/\/www.greterlaw.com\/de\/#website\"},\"primaryImageOfPage\":{\"@id\":\"https:\/\/www.greterlaw.com\/de\/ueber-uns\/walter-greter\/#primaryimage\"},\"image\":{\"@id\":\"https:\/\/www.greterlaw.com\/de\/ueber-uns\/walter-greter\/#primaryimage\"},\"thumbnailUrl\":\"https:\/\/greterlaw.com\/wp-content\/uploads\/2026\/01\/male-silhouette.jpg\",\"datePublished\":\"2026-01-05T11:02:40+00:00\",\"dateModified\":\"2026-01-05T11:04:29+00:00\",\"description\":\"Als Assistent und Trust Officer unterst\u00fctzt Walter Greter das Team von Greter & Partner Rechtsanw\u00e4lte AG mit grosser Sorgfalt in administrativen Prozessen, Abl\u00e4ufen sowie in Trust bezogenen Aufgaben.\",\"breadcrumb\":{\"@id\":\"https:\/\/www.greterlaw.com\/de\/ueber-uns\/walter-greter\/#breadcrumb\"},\"inLanguage\":\"de\",\"potentialAction\":[{\"@type\":\"ReadAction\",\"target\":[\"https:\/\/www.greterlaw.com\/de\/ueber-uns\/walter-greter\/\"]}]},{\"@type\":\"ImageObject\",\"inLanguage\":\"de\",\"@id\":\"https:\/\/www.greterlaw.com\/de\/ueber-uns\/walter-greter\/#primaryimage\",\"url\":\"https:\/\/greterlaw.com\/wp-content\/uploads\/2026\/01\/male-silhouette.jpg\",\"contentUrl\":\"https:\/\/greterlaw.com\/wp-content\/uploads\/2026\/01\/male-silhouette.jpg\"},{\"@type\":\"BreadcrumbList\",\"@id\":\"https:\/\/www.greterlaw.com\/de\/ueber-uns\/walter-greter\/#breadcrumb\",\"itemListElement\":[{\"@type\":\"ListItem\",\"position\":1,\"name\":\"Home\",\"item\":\"https:\/\/www.greterlaw.com\/de\/\"},{\"@type\":\"ListItem\",\"position\":2,\"name\":\"\u00dcber uns\",\"item\":\"https:\/\/www.greterlaw.com\/de\/ueber-uns\/\"},{\"@type\":\"ListItem\",\"position\":3,\"name\":\"Walter Greter\"}]},{\"@type\":\"WebSite\",\"@id\":\"https:\/\/www.greterlaw.com\/de\/#website\",\"url\":\"https:\/\/www.greterlaw.com\/de\/\",\"name\":\"Greter & Partner Rechtsanw\u00e4lte AG\",\"description\":\"\",\"publisher\":{\"@id\":\"https:\/\/www.greterlaw.com\/de\/#organization\"},\"potentialAction\":[{\"@type\":\"SearchAction\",\"target\":{\"@type\":\"EntryPoint\",\"urlTemplate\":\"https:\/\/www.greterlaw.com\/de\/?s={search_term_string}\"},\"query-input\":{\"@type\":\"PropertyValueSpecification\",\"valueRequired\":true,\"valueName\":\"search_term_string\"}}],\"inLanguage\":\"de\"},{\"@type\":\"Organization\",\"@id\":\"https:\/\/www.greterlaw.com\/de\/#organization\",\"name\":\"Greter & Partner Rechtsanw\u00e4lte AG\",\"url\":\"https:\/\/www.greterlaw.com\/de\/\",\"logo\":{\"@type\":\"ImageObject\",\"inLanguage\":\"de\",\"@id\":\"https:\/\/www.greterlaw.com\/de\/#\/schema\/logo\/image\/\",\"url\":\"https:\/\/www.greterlaw.com\/wp-content\/uploads\/2025\/11\/GreterLaw-Logo-EN.png\",\"contentUrl\":\"https:\/\/www.greterlaw.com\/wp-content\/uploads\/2025\/11\/GreterLaw-Logo-EN.png\",\"width\":478,\"height\":160,\"caption\":\"Greter & Partner Rechtsanw\u00e4lte AG\"},\"image\":{\"@id\":\"https:\/\/www.greterlaw.com\/de\/#\/schema\/logo\/image\/\"}}]}<\/script>\n<!-- \/ Yoast SEO plugin. -->","yoast_head_json":{"title":"Walter Greter \u2013 Greter & Partner Rechtsanw\u00e4lte AG\/ SilverLane","description":"Als Assistent und Trust Officer unterst\u00fctzt Walter Greter das Team von Greter & Partner Rechtsanw\u00e4lte AG mit grosser Sorgfalt in administrativen Prozessen, Abl\u00e4ufen sowie in Trust bezogenen Aufgaben.","robots":{"index":"index","follow":"follow","max-snippet":"max-snippet:-1","max-image-preview":"max-image-preview:large","max-video-preview":"max-video-preview:-1"},"canonical":"https:\/\/www.greterlaw.com\/de\/ueber-uns\/walter-greter\/","og_locale":"de_DE","og_type":"article","og_title":"Walter Greter \u2013 Greter & Partner Rechtsanw\u00e4lte AG\/ SilverLane","og_description":"Als Assistent und Trust Officer unterst\u00fctzt Walter Greter das Team von Greter & Partner Rechtsanw\u00e4lte AG mit grosser Sorgfalt in administrativen Prozessen, Abl\u00e4ufen sowie in Trust bezogenen Aufgaben.","og_url":"https:\/\/www.greterlaw.com\/de\/ueber-uns\/walter-greter\/","og_site_name":"Greter &amp; Partner Rechtsanw\u00e4lte AG","article_modified_time":"2026-01-05T11:04:29+00:00","og_image":[{"url":"https:\/\/greterlaw.com\/wp-content\/uploads\/2026\/01\/male-silhouette.jpg","type":"","width":"","height":""}],"twitter_card":"summary_large_image","twitter_misc":{"Gesch\u00e4tzte Lesezeit":"1\u00a0Minute"},"schema":{"@context":"https:\/\/schema.org","@graph":[{"@type":"WebPage","@id":"https:\/\/www.greterlaw.com\/de\/ueber-uns\/walter-greter\/","url":"https:\/\/www.greterlaw.com\/de\/ueber-uns\/walter-greter\/","name":"Walter Greter \u2013 Greter & Partner Rechtsanw\u00e4lte AG\/ SilverLane","isPartOf":{"@id":"https:\/\/www.greterlaw.com\/de\/#website"},"primaryImageOfPage":{"@id":"https:\/\/www.greterlaw.com\/de\/ueber-uns\/walter-greter\/#primaryimage"},"image":{"@id":"https:\/\/www.greterlaw.com\/de\/ueber-uns\/walter-greter\/#primaryimage"},"thumbnailUrl":"https:\/\/greterlaw.com\/wp-content\/uploads\/2026\/01\/male-silhouette.jpg","datePublished":"2026-01-05T11:02:40+00:00","dateModified":"2026-01-05T11:04:29+00:00","description":"Als Assistent und Trust Officer unterst\u00fctzt Walter Greter das Team von Greter & Partner Rechtsanw\u00e4lte AG mit grosser Sorgfalt in administrativen Prozessen, Abl\u00e4ufen sowie in Trust bezogenen Aufgaben.","breadcrumb":{"@id":"https:\/\/www.greterlaw.com\/de\/ueber-uns\/walter-greter\/#breadcrumb"},"inLanguage":"de","potentialAction":[{"@type":"ReadAction","target":["https:\/\/www.greterlaw.com\/de\/ueber-uns\/walter-greter\/"]}]},{"@type":"ImageObject","inLanguage":"de","@id":"https:\/\/www.greterlaw.com\/de\/ueber-uns\/walter-greter\/#primaryimage","url":"https:\/\/greterlaw.com\/wp-content\/uploads\/2026\/01\/male-silhouette.jpg","contentUrl":"https:\/\/greterlaw.com\/wp-content\/uploads\/2026\/01\/male-silhouette.jpg"},{"@type":"BreadcrumbList","@id":"https:\/\/www.greterlaw.com\/de\/ueber-uns\/walter-greter\/#breadcrumb","itemListElement":[{"@type":"ListItem","position":1,"name":"Home","item":"https:\/\/www.greterlaw.com\/de\/"},{"@type":"ListItem","position":2,"name":"\u00dcber uns","item":"https:\/\/www.greterlaw.com\/de\/ueber-uns\/"},{"@type":"ListItem","position":3,"name":"Walter Greter"}]},{"@type":"WebSite","@id":"https:\/\/www.greterlaw.com\/de\/#website","url":"https:\/\/www.greterlaw.com\/de\/","name":"Greter & Partner Rechtsanw\u00e4lte AG","description":"","publisher":{"@id":"https:\/\/www.greterlaw.com\/de\/#organization"},"potentialAction":[{"@type":"SearchAction","target":{"@type":"EntryPoint","urlTemplate":"https:\/\/www.greterlaw.com\/de\/?s={search_term_string}"},"query-input":{"@type":"PropertyValueSpecification","valueRequired":true,"valueName":"search_term_string"}}],"inLanguage":"de"},{"@type":"Organization","@id":"https:\/\/www.greterlaw.com\/de\/#organization","name":"Greter & Partner Rechtsanw\u00e4lte AG","url":"https:\/\/www.greterlaw.com\/de\/","logo":{"@type":"ImageObject","inLanguage":"de","@id":"https:\/\/www.greterlaw.com\/de\/#\/schema\/logo\/image\/","url":"https:\/\/www.greterlaw.com\/wp-content\/uploads\/2025\/11\/GreterLaw-Logo-EN.png","contentUrl":"https:\/\/www.greterlaw.com\/wp-content\/uploads\/2025\/11\/GreterLaw-Logo-EN.png","width":478,"height":160,"caption":"Greter & Partner Rechtsanw\u00e4lte AG"},"image":{"@id":"https:\/\/www.greterlaw.com\/de\/#\/schema\/logo\/image\/"}}]}},"_links":{"self":[{"href":"https:\/\/www.greterlaw.com\/de\/wp-json\/wp\/v2\/pages\/3067","targetHints":{"allow":["GET"]}}],"collection":[{"href":"https:\/\/www.greterlaw.com\/de\/wp-json\/wp\/v2\/pages"}],"about":[{"href":"https:\/\/www.greterlaw.com\/de\/wp-json\/wp\/v2\/types\/page"}],"author":[{"embeddable":true,"href":"https:\/\/www.greterlaw.com\/de\/wp-json\/wp\/v2\/users\/1"}],"replies":[{"embeddable":true,"href":"https:\/\/www.greterlaw.com\/de\/wp-json\/wp\/v2\/comments?post=3067"}],"version-history":[{"count":7,"href":"https:\/\/www.greterlaw.com\/de\/wp-json\/wp\/v2\/pages\/3067\/revisions"}],"predecessor-version":[{"id":3074,"href":"https:\/\/www.greterlaw.com\/de\/wp-json\/wp\/v2\/pages\/3067\/revisions\/3074"}],"up":[{"embeddable":true,"href":"https:\/\/www.greterlaw.com\/de\/wp-json\/wp\/v2\/pages\/1231"}],"wp:attachment":[{"href":"https:\/\/www.greterlaw.com\/de\/wp-json\/wp\/v2\/media?parent=3067"}],"curies":[{"name":"wp","href":"https:\/\/api.w.org\/{rel}","templated":true}]}}