{"id":3,"date":"2025-11-11T19:20:22","date_gmt":"2025-11-11T19:20:22","guid":{"rendered":"http:\/\/greterlaw.com\/?page_id=3"},"modified":"2026-01-05T11:29:46","modified_gmt":"2026-01-05T11:29:46","slug":"datenschutzerklaerung","status":"publish","type":"page","link":"https:\/\/www.greterlaw.com\/de\/datenschutzerklaerung\/","title":{"rendered":"Datenschutzerkl\u00e4rung"},"content":{"rendered":"\n<p>Greter &amp; Partners Rechtsanw\u00e4lte AG verpflichtet sich, die Privatsph\u00e4re und Sicherheit der personenbezogenen Daten zu sch\u00fctzen, die uns im Rahmen unserer Gesch\u00e4ftst\u00e4tigkeit zur Verf\u00fcgung gestellt oder von uns gesammelt werden. Wir verarbeiten personenbezogene Daten in \u00dcbereinstimmung mit dem schweizerischen Datenschutzgesetz und, soweit anwendbar, der EU-Datenschutz-Grundverordnung.<\/p>\n\n\n\n<p>In dieser Datenschutzrichtlinie wird erl\u00e4utert, wie wir personenbezogene Daten, die wir \u00fcber Sie erhalten, sammeln und verwenden k\u00f6nnen und welche Rechte Sie in Bezug auf diese Informationen haben.<\/p>\n\n\n\n<p>Wir k\u00f6nnen Ihnen zus\u00e4tzliche Datenschutzhinweise zur Verf\u00fcgung stellen, wenn wir der Meinung sind, dass dies angemessen ist. Diese zus\u00e4tzlichen Hinweise erg\u00e4nzen diese Datenschutzrichtlinie und sollten zusammen mit ihr gelesen werden.<\/p>\n\n\n\n<h2 class=\"wp-block-heading\">1. Wer ist f\u00fcr Ihre personenbezogenen Daten verantwortlich?<\/h2>\n\n\n\n<p>Greter &amp; Partners Rechtsanw\u00e4lte AG ist verantwortlich f\u00fcr Ihre personenbezogenen Daten, die uns im Rahmen unserer Gesch\u00e4ftst\u00e4tigkeit zur Verf\u00fcgung gestellt oder von uns erhoben werden.<\/p>\n\n\n\n<h2 class=\"wp-block-heading\">2. Wie wir Ihre personenbezogenen Daten erheben und verwenden<\/h2>\n\n\n\n<p>Wir erheben und verarbeiten Ihre personenbezogenen Daten wie folgt:<\/p>\n\n\n\n<h3 class=\"wp-block-heading\">2.1 Gesch\u00e4ftsentwicklung, Gesch\u00e4ftsakzeptanz und rechtliche Aktualisierungen<\/h3>\n\n\n\n<p>Wir erfassen personenbezogene Daten \u00fcber potenzielle Kunden, ihre Vertreter und wirtschaftlichen Eigent\u00fcmer sowie andere Gesch\u00e4ftskontakte im Rahmen von Gesch\u00e4ftsentwicklungsinitiativen und unserem Gesch\u00e4ftsannahmeprozess. Zu den personenbezogenen Daten, die wir erfassen k\u00f6nnen, geh\u00f6ren Name, Kontaktdaten (wie Ihre Adresse, E-Mail-Adresse und Telefonnummern), Nationalit\u00e4t, Gesch\u00e4ftsinteressen, beruflicher Werdegang und Interaktionen mit uns.<\/p>\n\n\n\n<p>Wir erhalten diese Informationen direkt von Ihnen, von anderen Gesch\u00e4ftskontakten oder aus \u00f6ffentlich zug\u00e4nglichen offenen Quellen.<\/p>\n\n\n\n<p>Wir k\u00f6nnen Ihre personenbezogenen Daten verwenden, um unsere Gesch\u00e4ftsbeziehung mit Ihnen zu pflegen und zu entwickeln, Dienstleistungen zu identifizieren, an denen Sie interessiert sein k\u00f6nnten, um bestimmte Gesch\u00e4ftsentwicklungsinitiativen zu verfolgen, Ihnen Ver\u00f6ffentlichungen und Marketingmitteilungen zu senden, Sie zu Veranstaltungen einzuladen und um unseren gesetzlichen Verpflichtungen nachzukommen, die Identit\u00e4t unserer Kunden zu identifizieren und zu \u00fcberpr\u00fcfen.<\/p>\n\n\n\n<p>Wenn wir die f\u00fcr unser Engagement erforderlichen Informationen sammeln m\u00fcssen und Sie diese Informationen auf Anfrage nicht zur Verf\u00fcgung stellen, k\u00f6nnen wir m\u00f6glicherweise nicht mit der Arbeit f\u00fcr Sie beginnen.<\/p>\n\n\n\n<h3 class=\"wp-block-heading\">2.2 Juristische Dienstleistungen<\/h3>\n\n\n\n<p>Im Rahmen unserer Rechtsdienstleistungen erheben und verarbeiten wir personenbezogene Daten \u00fcber Mandanten, nahestehende Personen, Gegenparteien, Beh\u00f6rden, Gerichte, Dritte und andere Personen sowie deren jeweilige Vertreter und Mitarbeiter. Zu den personenbezogenen Daten, die wir sammeln k\u00f6nnen, geh\u00f6ren Name und Kontaktdaten (wie Ihre Adresse, E-Mail-Adresse und Telefonnummern), Nationalit\u00e4t, Gesch\u00e4ftsinteressen, beruflicher Werdegang und Positionen sowie Informationen aller Art aus Korrespondenz, Kontakten und Interaktionen mit uns. Wir verarbeiten auch Informationen aller Art, die uns im Rahmen unserer Dienstleistungen offengelegt oder von uns gesammelt werden. Diese Informationen k\u00f6nnen besondere Kategorien sensibler Daten enthalten.<\/p>\n\n\n\n<p>Wir erheben personenbezogene Daten direkt von Ihnen, von unseren Mandanten oder anderen Parteien einer Angelegenheit und deren jeweiligen Vertretern und Mitarbeitern. Wir k\u00f6nnen personenbezogene Daten von Dritten erhalten oder sammeln, z. B. von Ihrem Arbeitgeber, anderen Organisationen, mit denen Sie zu tun haben, Aufsichtsbeh\u00f6rden, Regierungsbeh\u00f6rden, Gerichten, anderen Anwaltskanzleien und anderen professionellen Beratern. Wir k\u00f6nnen personenbezogene Daten auch aus \u00f6ffentlich zug\u00e4nglichen Quellen sammeln.<\/p>\n\n\n\n<p>Wir k\u00f6nnen diese Informationen verwenden, um unseren Mandanten Rechtsdienstleistungen zu erbringen, die Gesch\u00e4fte unserer Kanzlei zu f\u00fchren (z. B. administrative oder betriebliche Prozesse durchzuf\u00fchren), unser Gesch\u00e4ft zu \u00fcberwachen und zu analysieren oder unsere Dienstleistungen und Produkte zu verbessern.<\/p>\n\n\n\n<p>Wenn Sie oder die Organisation, f\u00fcr die Sie t\u00e4tig sind, ein Kunde sind und Sie es vers\u00e4umen, die Informationen bereitzustellen, die wir auf Anfrage ben\u00f6tigen, sind wir m\u00f6glicherweise nicht in der Lage, unsere Dienstleistungen zu erbringen und unser Engagement fortzusetzen.<\/p>\n\n\n\n<h3 class=\"wp-block-heading\">2.3 Nutzung unserer Website<\/h3>\n\n\n\n<p>Wir erfassen bestimmte personenbezogene Daten, wenn Sie unsere Websites besuchen und Cookies auf unserer Website verwenden.<\/p>\n\n\n\n<p>Wir verwenden Cookies, um Informationen zu sammeln, wenn Sie auf unsere Website, unser Online-Bewerbungstool und unsere Marketingkommunikation zugreifen.<\/p>\n\n\n\n<p>Cookies sind kleine Textdateien, die in Browserverzeichnissen auf Ihrem Computer oder Mobilger\u00e4t abgelegt werden, wenn Sie unsere Website besuchen. Unsere Website verwendet Session-Cookies und persistente Cookies. Session-Cookies erm\u00f6glichen es Ihnen, innerhalb der Website von Seite zu Seite zu wechseln und alle von Ihnen eingegebenen Informationen zu speichern. Ein Session-Cookie wird gel\u00f6scht, wenn Sie Ihren Browser schlie\u00dfen oder nach kurzer Zeit. Dauerhafte Cookies erm\u00f6glichen es der Website, sich an Ihre Pr\u00e4ferenzen und Einstellungen zu erinnern, wenn Sie die Website in Zukunft besuchen. Dauerhafte Cookies verfallen nach einer festgelegten Zeitspanne.<\/p>\n\n\n\n<p>Wir verwenden Cookies auf folgende Weise:<\/p>\n\n\n\n<ul class=\"wp-block-list\">\n<li><strong>Google Analytics<\/strong>: Wir verwenden Google Analytics, das uns Informationen dar\u00fcber liefert, wie Besucher unsere Website nutzen. Google verwendet Cookies als Teil des Prozesses, um anonyme Informationen zu sammeln, wie z. B. die Anzahl der Besucher der Website, woher sie kommen, die Seiten, die sie besuchen, und die Zeit, die sie auf unserer Website verbracht haben.<\/li>\n\n\n\n<li><strong>E-Mail-Updates<\/strong>: Unsere Marketingkommunikation verwendet Cookies und Tracking-Technologien, die uns helfen zu beurteilen, ob die E-Mail-Updates ge\u00f6ffnet, beantwortet, weitergeleitet und Links verfolgt wurden, sowie Ihnen die Kontaktaufnahme mit uns \u00fcber ein Online-Kontaktformular zu erm\u00f6glichen.<\/li>\n<\/ul>\n\n\n\n<p>Sie k\u00f6nnen Ihre Browsereinstellungen so \u00e4ndern, dass Cookies blockiert werden oder Sie benachrichtigt werden, wenn Cookies an Ihr Ger\u00e4t gesendet werden. Bitte beachten Sie, dass Sie, wenn Sie sich entscheiden, Cookies zu deaktivieren, m\u00f6glicherweise nicht auf bestimmte Funktionen unserer Website oder Marketingkommunikation zugreifen k\u00f6nnen. Indem Sie die Website von Greter &amp; Partners Attorney Ltd weiterhin nutzen, ohne Ihre Einstellungen zu \u00e4ndern, stimmen Sie der Verwendung von Cookies zu.<\/p>\n\n\n\n<h3 class=\"wp-block-heading\">2.4 Rekrutierung<\/h3>\n\n\n\n<p>Wenn Sie sich f\u00fcr eine Stelle oder eine Rekrutierungsveranstaltung bei Greter &amp; Partners Attorneys Ltd bewerben, m\u00fcssen Sie m\u00f6glicherweise personenbezogene Daten angeben, einschlie\u00dflich besonderer Kategorien personenbezogener Daten. Mit Ihrer Bewerbung erkl\u00e4ren Sie sich ausdr\u00fccklich damit einverstanden, dass wir diese Informationen verwenden. Wir werden diese Informationen verwenden, um Ihre Bewerbung zu pr\u00fcfen. Wir k\u00f6nnen diese Informationen auch verwenden, um \u00dcberpr\u00fcfungen durchzuf\u00fchren, um die von Ihnen bereitgestellten Informationen zu \u00fcberpr\u00fcfen (einschlie\u00dflich Referenzen, Hintergrund, Identit\u00e4t, Eignung, Ausz\u00fcge aus dem Betreibungsregister und Strafregisterpr\u00fcfungen).<\/p>\n\n\n\n<p>Wenn wir die f\u00fcr Ihre Besch\u00e4ftigung erforderlichen Informationen sammeln m\u00fcssen und Sie diese Informationen auf Anfrage nicht zur Verf\u00fcgung stellen, k\u00f6nnen wir Ihre Besch\u00e4ftigung m\u00f6glicherweise nicht weiter in Betracht ziehen.<\/p>\n\n\n\n<h3 class=\"wp-block-heading\">2.5 Weitere Ansprechpartner<\/h3>\n\n\n\n<p>Dar\u00fcber hinaus erheben und verarbeiten wir Informationen \u00fcber Sie, wenn Sie uns Produkte oder Dienstleistungen anbieten oder bereitstellen, wenn wir Ihre Produkte oder Dienstleistungen bewerten und im Allgemeinen, wenn Sie Informationen von uns anfordern oder uns Informationen zur Verf\u00fcgung stellen.<\/p>\n\n\n\n<h2 class=\"wp-block-heading\">3. Grundlage f\u00fcr die Verarbeitung Ihrer personenbezogenen Daten<\/h2>\n\n\n\n<p>Wir werden Ihre personenbezogenen Daten nur verwenden, wenn und soweit dies nach geltendem Recht zul\u00e4ssig ist. Wir verarbeiten Ihre personenbezogenen Daten daher, wenn:<\/p>\n\n\n\n<ul class=\"wp-block-list\">\n<li>es ist f\u00fcr die Erf\u00fcllung eines Vertrags mit Ihnen oder der Organisation, f\u00fcr die Sie arbeiten, erforderlich;<\/li>\n\n\n\n<li>es ist im Zusammenhang mit einer gesetzlichen Verpflichtung erforderlich;<\/li>\n\n\n\n<li>Sie haben (falls erforderlich) Ihre Zustimmung zu einer solchen Verwendung gegeben, oder die Organisation, f\u00fcr die Sie arbeiten, hat Ihre Zustimmung (falls erforderlich) eingeholt, Ihre Daten an uns weiterzugeben; oder<\/li>\n\n\n\n<li>wenn wir oder ein Dritter, insbesondere einer unserer Kunden, ein berechtigtes Interesse haben, das nicht durch Ihre Interessen oder Ihre Rechte und Freiheiten au\u00dfer Kraft gesetzt wird. Zu diesen berechtigten Interessen geh\u00f6rt die Erbringung von Rechtsdienstleistungen f\u00fcr unsere Mandanten.<\/li>\n<\/ul>\n\n\n\n<h2 class=\"wp-block-heading\">4. Wie und warum wir Ihre personenbezogenen Daten weitergeben k\u00f6nnen<\/h2>\n\n\n\n<p>Wir k\u00f6nnen Ihre personenbezogenen Daten, die im Rahmen der Erbringung von Rechtsdienstleistungen erhoben werden, an Dritte (wie Berater, nahestehende Parteien, Gerichte, Beh\u00f6rden, Gegenparteien und andere Personen) in der Schweiz, der EU oder anderen L\u00e4ndern weitergeben, wenn dies f\u00fcr die Erbringung unserer Dienstleistungen erforderlich oder n\u00fctzlich ist. Dar\u00fcber hinaus k\u00f6nnen wir Ihre personenbezogenen Daten an Dritte weitergeben, wenn:<\/p>\n\n\n\n<ul class=\"wp-block-list\">\n<li>Sie haben eingewilligt, dass wir dies tun (falls erforderlich), oder die Organisation, f\u00fcr die Sie arbeiten, hat Ihre Zustimmung eingeholt, damit wir dies tun (falls erforderlich);<\/li>\n\n\n\n<li>Wir sind dazu gesetzlich, beh\u00f6rdlich oder beruflich verpflichtet (z. B. zur Einhaltung von Vorschriften zur Bek\u00e4mpfung von Geldw\u00e4sche oder Sanktionen); oder<\/li>\n\n\n\n<li>Sie ist im Zusammenhang mit einem Gerichtsverfahren oder zur Aus\u00fcbung oder Verteidigung von Rechtsanspr\u00fcchen erforderlich.<\/li>\n<\/ul>\n\n\n\n<p>Wir arbeiten mit Dritten zusammen, die in unserem Namen Dienstleistungen erbringen und Ihre Daten an diese weitergeben k\u00f6nnen, z. B. Banken, Versicherungsgesellschaften oder Technologieanbieter, die m\u00f6glicherweise Zugriff auf Ihre personenbezogenen Daten haben, wenn sie Software-Support leisten.<\/p>\n\n\n\n<h2 class=\"wp-block-heading\">5. Wie wir Ihre personenbezogenen Daten sch\u00fctzen<\/h2>\n\n\n\n<p>Wir haben angemessene Sicherheitsma\u00dfnahmen getroffen, um Ihre personenbezogenen Daten in elektronischer und physischer Form sicher aufzubewahren und sie vor unbefugtem Zugriff, unsachgem\u00e4\u00dfer Verwendung oder Offenlegung, unbefugter \u00c4nderung oder unrechtm\u00e4\u00dfiger Zerst\u00f6rung oder versehentlichem Verlust zu sch\u00fctzen. Unsere R\u00e4umlichkeiten werden bei Bedarf zutrittskontrolliert und \u00fcberwacht, und unsere elektronischen Datenbanken erfordern Logins und Passwortauthentifizierung.<\/p>\n\n\n\n<p>Unsere Partner, Mitarbeiter und Drittanbieter, die Zugang zu vertraulichen Informationen (einschlie\u00dflich personenbezogener Daten) haben, unterliegen Vertraulichkeitsverpflichtungen.<\/p>\n\n\n\n<h2 class=\"wp-block-heading\">6. Wie lange wir Ihre personenbezogenen Daten aufbewahren<\/h2>\n\n\n\n<p>Wir bewahren Ihre personenbezogenen Daten so lange auf, wie es f\u00fcr den Zweck, f\u00fcr den sie erhoben wurden, erforderlich ist. Wir werden Ihre personenbezogenen Daten ferner aufbewahren, um gesetzlichen und beh\u00f6rdlichen Verpflichtungen nachzukommen, solange Anspr\u00fcche gegen uns geltend gemacht werden k\u00f6nnen und solange es das berechtigte Interesse, einschlie\u00dflich der Datensicherheit, erfordert.<\/p>\n\n\n\n<h2 class=\"wp-block-heading\">7. Ihre Rechte<\/h2>\n\n\n\n<p>Sie haben Rechte, die Sie unter bestimmten Umst\u00e4nden in Bezug auf die von uns gespeicherten personenbezogenen Daten aus\u00fcben k\u00f6nnen. Diese Rechte sind:<\/p>\n\n\n\n<ul class=\"wp-block-list\">\n<li>Zugang zu Ihren personenbezogenen Daten und bestimmten Informationen in Bezug auf deren Verarbeitung zu verlangen;<\/li>\n\n\n\n<li>die Berichtigung Ihrer personenbezogenen Daten zu verlangen;<\/li>\n\n\n\n<li>die L\u00f6schung Ihrer personenbezogenen Daten zu verlangen;<\/li>\n\n\n\n<li>zu verlangen, dass wir die Verarbeitung Ihrer personenbezogenen Daten einschr\u00e4nken; und<\/li>\n\n\n\n<li>der Verarbeitung Ihrer personenbezogenen Daten zu widersprechen.<\/li>\n<\/ul>\n\n\n\n<p>Wenn Sie Ihre Einwilligung zur Erhebung, Verarbeitung und \u00dcbermittlung Ihrer personenbezogenen Daten f\u00fcr einen bestimmten Zweck erteilt haben, haben Sie das Recht, Ihre Einwilligung f\u00fcr diese bestimmte Verarbeitung jederzeit zu widerrufen. Sobald wir die Benachrichtigung erhalten haben, dass Sie Ihre Einwilligung widerrufen haben, werden wir Ihre Daten nicht mehr f\u00fcr den Zweck oder die Zwecke verarbeiten, denen Sie urspr\u00fcnglich zugestimmt haben, es sei denn, wir haben eine andere legitime Grundlage daf\u00fcr.<\/p>\n\n\n\n<p>Wir k\u00f6nnen die Auskunftserteilung verweigern, wenn die einschl\u00e4gigen Datenschutzgesetze oder andere Rechtsvorschriften, insbesondere das Anwaltsgeheimnis, uns dazu verpflichten oder verpflichten; in diesem Fall werden wir unsere Entscheidung gem\u00e4\u00df den gesetzlichen Vorschriften begr\u00fcnden.<\/p>\n\n\n\n<p>Wenn Sie diese Rechte aus\u00fcben m\u00f6chten, wenden Sie sich bitte schriftlich per E-Mail an info@greterlaw.com oder per Brief an:<\/p>\n\n\n\n<p>Greter &amp; Partners Rechtsanw\u00e4lte AG<br>General Guisan-Quai 22<br>CH-8002 Z\u00fcrich<\/p>\n\n\n\n<p>Sie m\u00fcssen in der Regel keine Geb\u00fchr zahlen, um eines Ihrer individuellen Rechte auszu\u00fcben. Wir k\u00f6nnen jedoch eine Geb\u00fchr f\u00fcr den Zugang erheben, wenn die einschl\u00e4gigen Datenschutzgesetze dies zulassen. In diesem Fall werden wir Sie gem\u00e4\u00df den gesetzlichen Bestimmungen informieren.<\/p>\n\n\n\n<p>Wenn Sie der Meinung sind, dass wir Ihre Anfrage oder Ihr Anliegen nicht zu Ihrer Zufriedenheit bearbeitet haben, k\u00f6nnen Sie sich an die zust\u00e4ndige Datenschutzbeh\u00f6rde in der Schweiz an <a href=\"http:\/\/www.edoeb.admin.ch\/\" target=\"_blank\" rel=\"noreferrer noopener\">den Eidgen\u00f6ssischen Datenschutz- und \u00d6ffentlichkeitsbeauftragten<\/a> wenden.<\/p>\n\n\n\n<p>Wir behalten uns das Recht vor, diese Datenschutzrichtlinie von Zeit zu Zeit zu aktualisieren und zu \u00e4ndern, um \u00c4nderungen an der Art und Weise, wie wir Ihre personenbezogenen Daten verarbeiten, oder sich \u00e4ndernde gesetzliche Anforderungen widerzuspiegeln. Alle \u00c4nderungen, die wir in Zukunft an unserer Datenschutzrichtlinie vornehmen, werden auf dieser Website ver\u00f6ffentlicht. Bitte schauen Sie regelm\u00e4\u00dfig vorbei, um Aktualisierungen oder \u00c4nderungen unserer Datenschutzrichtlinie zu sehen.<\/p>\n\n\n\n<p>Oktober 2018<\/p>\n","protected":false},"excerpt":{"rendered":"<p>Greter &amp; Partners Rechtsanw\u00e4lte AG verpflichtet sich, die Privatsph\u00e4re und Sicherheit der personenbezogenen Daten zu sch\u00fctzen, die uns im Rahmen unserer Gesch\u00e4ftst\u00e4tigkeit zur Verf\u00fcgung gestellt oder von uns gesammelt werden. Wir verarbeiten personenbezogene Daten in \u00dcbereinstimmung mit dem schweizerischen Datenschutzgesetz und, soweit anwendbar, der EU-Datenschutz-Grundverordnung. In dieser Datenschutzrichtlinie wird erl\u00e4utert, wie wir personenbezogene Daten, die [&hellip;]<\/p>\n","protected":false},"author":1,"featured_media":0,"parent":0,"menu_order":0,"comment_status":"closed","ping_status":"open","template":"","meta":{"footnotes":""},"class_list":["post-3","page","type-page","status-publish","hentry"],"blocksy_meta":[],"yoast_head":"<!-- This site is optimized with the Yoast SEO plugin v27.2 - https:\/\/yoast.com\/product\/yoast-seo-wordpress\/ -->\n<title>Datenschutzerkl\u00e4rung - Greter &amp; Partner Rechtsanw\u00e4lte AG<\/title>\n<meta name=\"description\" content=\"Wir verarbeiten personenbezogene Daten in \u00dcbereinstimmung mit dem schweizerischen Datenschutzgesetz und, soweit anwendbar, der EU-Datenschutz-Grundverordnung.\" \/>\n<meta name=\"robots\" content=\"index, follow, max-snippet:-1, max-image-preview:large, max-video-preview:-1\" \/>\n<link rel=\"canonical\" href=\"https:\/\/www.greterlaw.com\/de\/datenschutzerklaerung\/\" \/>\n<meta property=\"og:locale\" content=\"de_DE\" \/>\n<meta property=\"og:type\" content=\"article\" \/>\n<meta property=\"og:title\" content=\"Datenschutzerkl\u00e4rung - Greter &amp; Partner Rechtsanw\u00e4lte AG\" \/>\n<meta property=\"og:description\" content=\"Wir verarbeiten personenbezogene Daten in \u00dcbereinstimmung mit dem schweizerischen Datenschutzgesetz und, soweit anwendbar, der EU-Datenschutz-Grundverordnung.\" \/>\n<meta property=\"og:url\" content=\"https:\/\/www.greterlaw.com\/de\/datenschutzerklaerung\/\" \/>\n<meta property=\"og:site_name\" content=\"Greter &amp; Partner Rechtsanw\u00e4lte AG\" \/>\n<meta property=\"article:modified_time\" content=\"2026-01-05T11:29:46+00:00\" \/>\n<meta name=\"twitter:card\" content=\"summary_large_image\" \/>\n<meta name=\"twitter:label1\" content=\"Gesch\u00e4tzte Lesezeit\" \/>\n\t<meta name=\"twitter:data1\" content=\"8\u00a0Minuten\" \/>\n<script type=\"application\/ld+json\" class=\"yoast-schema-graph\">{\"@context\":\"https:\/\/schema.org\",\"@graph\":[{\"@type\":\"WebPage\",\"@id\":\"https:\/\/www.greterlaw.com\/de\/datenschutzerklaerung\/\",\"url\":\"https:\/\/www.greterlaw.com\/de\/datenschutzerklaerung\/\",\"name\":\"Datenschutzerkl\u00e4rung - Greter & Partner Rechtsanw\u00e4lte AG\",\"isPartOf\":{\"@id\":\"https:\/\/www.greterlaw.com\/de\/#website\"},\"datePublished\":\"2025-11-11T19:20:22+00:00\",\"dateModified\":\"2026-01-05T11:29:46+00:00\",\"description\":\"Wir verarbeiten personenbezogene Daten in \u00dcbereinstimmung mit dem schweizerischen Datenschutzgesetz und, soweit anwendbar, der EU-Datenschutz-Grundverordnung.\",\"breadcrumb\":{\"@id\":\"https:\/\/www.greterlaw.com\/de\/datenschutzerklaerung\/#breadcrumb\"},\"inLanguage\":\"de\",\"potentialAction\":[{\"@type\":\"ReadAction\",\"target\":[\"https:\/\/www.greterlaw.com\/de\/datenschutzerklaerung\/\"]}]},{\"@type\":\"BreadcrumbList\",\"@id\":\"https:\/\/www.greterlaw.com\/de\/datenschutzerklaerung\/#breadcrumb\",\"itemListElement\":[{\"@type\":\"ListItem\",\"position\":1,\"name\":\"Home\",\"item\":\"https:\/\/www.greterlaw.com\/de\/\"},{\"@type\":\"ListItem\",\"position\":2,\"name\":\"Datenschutzerkl\u00e4rung\"}]},{\"@type\":\"WebSite\",\"@id\":\"https:\/\/www.greterlaw.com\/de\/#website\",\"url\":\"https:\/\/www.greterlaw.com\/de\/\",\"name\":\"Greter & Partner Rechtsanw\u00e4lte AG\",\"description\":\"\",\"publisher\":{\"@id\":\"https:\/\/www.greterlaw.com\/de\/#organization\"},\"potentialAction\":[{\"@type\":\"SearchAction\",\"target\":{\"@type\":\"EntryPoint\",\"urlTemplate\":\"https:\/\/www.greterlaw.com\/de\/?s={search_term_string}\"},\"query-input\":{\"@type\":\"PropertyValueSpecification\",\"valueRequired\":true,\"valueName\":\"search_term_string\"}}],\"inLanguage\":\"de\"},{\"@type\":\"Organization\",\"@id\":\"https:\/\/www.greterlaw.com\/de\/#organization\",\"name\":\"Greter & Partner Rechtsanw\u00e4lte AG\",\"url\":\"https:\/\/www.greterlaw.com\/de\/\",\"logo\":{\"@type\":\"ImageObject\",\"inLanguage\":\"de\",\"@id\":\"https:\/\/www.greterlaw.com\/de\/#\/schema\/logo\/image\/\",\"url\":\"https:\/\/www.greterlaw.com\/wp-content\/uploads\/2025\/11\/GreterLaw-Logo-EN.png\",\"contentUrl\":\"https:\/\/www.greterlaw.com\/wp-content\/uploads\/2025\/11\/GreterLaw-Logo-EN.png\",\"width\":478,\"height\":160,\"caption\":\"Greter & Partner Rechtsanw\u00e4lte AG\"},\"image\":{\"@id\":\"https:\/\/www.greterlaw.com\/de\/#\/schema\/logo\/image\/\"}}]}<\/script>\n<!-- \/ Yoast SEO plugin. -->","yoast_head_json":{"title":"Datenschutzerkl\u00e4rung - Greter & Partner Rechtsanw\u00e4lte AG","description":"Wir verarbeiten personenbezogene Daten in \u00dcbereinstimmung mit dem schweizerischen Datenschutzgesetz und, soweit anwendbar, der EU-Datenschutz-Grundverordnung.","robots":{"index":"index","follow":"follow","max-snippet":"max-snippet:-1","max-image-preview":"max-image-preview:large","max-video-preview":"max-video-preview:-1"},"canonical":"https:\/\/www.greterlaw.com\/de\/datenschutzerklaerung\/","og_locale":"de_DE","og_type":"article","og_title":"Datenschutzerkl\u00e4rung - Greter & Partner Rechtsanw\u00e4lte AG","og_description":"Wir verarbeiten personenbezogene Daten in \u00dcbereinstimmung mit dem schweizerischen Datenschutzgesetz und, soweit anwendbar, der EU-Datenschutz-Grundverordnung.","og_url":"https:\/\/www.greterlaw.com\/de\/datenschutzerklaerung\/","og_site_name":"Greter &amp; Partner Rechtsanw\u00e4lte AG","article_modified_time":"2026-01-05T11:29:46+00:00","twitter_card":"summary_large_image","twitter_misc":{"Gesch\u00e4tzte Lesezeit":"8\u00a0Minuten"},"schema":{"@context":"https:\/\/schema.org","@graph":[{"@type":"WebPage","@id":"https:\/\/www.greterlaw.com\/de\/datenschutzerklaerung\/","url":"https:\/\/www.greterlaw.com\/de\/datenschutzerklaerung\/","name":"Datenschutzerkl\u00e4rung - Greter & Partner Rechtsanw\u00e4lte AG","isPartOf":{"@id":"https:\/\/www.greterlaw.com\/de\/#website"},"datePublished":"2025-11-11T19:20:22+00:00","dateModified":"2026-01-05T11:29:46+00:00","description":"Wir verarbeiten personenbezogene Daten in \u00dcbereinstimmung mit dem schweizerischen Datenschutzgesetz und, soweit anwendbar, der EU-Datenschutz-Grundverordnung.","breadcrumb":{"@id":"https:\/\/www.greterlaw.com\/de\/datenschutzerklaerung\/#breadcrumb"},"inLanguage":"de","potentialAction":[{"@type":"ReadAction","target":["https:\/\/www.greterlaw.com\/de\/datenschutzerklaerung\/"]}]},{"@type":"BreadcrumbList","@id":"https:\/\/www.greterlaw.com\/de\/datenschutzerklaerung\/#breadcrumb","itemListElement":[{"@type":"ListItem","position":1,"name":"Home","item":"https:\/\/www.greterlaw.com\/de\/"},{"@type":"ListItem","position":2,"name":"Datenschutzerkl\u00e4rung"}]},{"@type":"WebSite","@id":"https:\/\/www.greterlaw.com\/de\/#website","url":"https:\/\/www.greterlaw.com\/de\/","name":"Greter & Partner Rechtsanw\u00e4lte AG","description":"","publisher":{"@id":"https:\/\/www.greterlaw.com\/de\/#organization"},"potentialAction":[{"@type":"SearchAction","target":{"@type":"EntryPoint","urlTemplate":"https:\/\/www.greterlaw.com\/de\/?s={search_term_string}"},"query-input":{"@type":"PropertyValueSpecification","valueRequired":true,"valueName":"search_term_string"}}],"inLanguage":"de"},{"@type":"Organization","@id":"https:\/\/www.greterlaw.com\/de\/#organization","name":"Greter & Partner Rechtsanw\u00e4lte AG","url":"https:\/\/www.greterlaw.com\/de\/","logo":{"@type":"ImageObject","inLanguage":"de","@id":"https:\/\/www.greterlaw.com\/de\/#\/schema\/logo\/image\/","url":"https:\/\/www.greterlaw.com\/wp-content\/uploads\/2025\/11\/GreterLaw-Logo-EN.png","contentUrl":"https:\/\/www.greterlaw.com\/wp-content\/uploads\/2025\/11\/GreterLaw-Logo-EN.png","width":478,"height":160,"caption":"Greter & Partner Rechtsanw\u00e4lte AG"},"image":{"@id":"https:\/\/www.greterlaw.com\/de\/#\/schema\/logo\/image\/"}}]}},"_links":{"self":[{"href":"https:\/\/www.greterlaw.com\/de\/wp-json\/wp\/v2\/pages\/3","targetHints":{"allow":["GET"]}}],"collection":[{"href":"https:\/\/www.greterlaw.com\/de\/wp-json\/wp\/v2\/pages"}],"about":[{"href":"https:\/\/www.greterlaw.com\/de\/wp-json\/wp\/v2\/types\/page"}],"author":[{"embeddable":true,"href":"https:\/\/www.greterlaw.com\/de\/wp-json\/wp\/v2\/users\/1"}],"replies":[{"embeddable":true,"href":"https:\/\/www.greterlaw.com\/de\/wp-json\/wp\/v2\/comments?post=3"}],"version-history":[{"count":8,"href":"https:\/\/www.greterlaw.com\/de\/wp-json\/wp\/v2\/pages\/3\/revisions"}],"predecessor-version":[{"id":3097,"href":"https:\/\/www.greterlaw.com\/de\/wp-json\/wp\/v2\/pages\/3\/revisions\/3097"}],"wp:attachment":[{"href":"https:\/\/www.greterlaw.com\/de\/wp-json\/wp\/v2\/media?parent=3"}],"curies":[{"name":"wp","href":"https:\/\/api.w.org\/{rel}","templated":true}]}}