{"id":2312,"date":"2025-11-20T11:40:42","date_gmt":"2025-11-20T11:40:42","guid":{"rendered":"https:\/\/greterlaw.com\/?page_id=2312"},"modified":"2026-03-03T18:05:03","modified_gmt":"2026-03-03T18:05:03","slug":"trustrecht","status":"publish","type":"page","link":"https:\/\/www.greterlaw.com\/de\/trustrecht\/","title":{"rendered":"Trustrecht"},"content":{"rendered":"\t\t<div data-elementor-type=\"wp-page\" data-elementor-id=\"2312\" class=\"elementor elementor-2312\">\n\t\t\t\t<div class=\"elementor-element elementor-element-7f5eaa96 e-flex e-con-boxed e-con e-parent\" data-id=\"7f5eaa96\" data-element_type=\"container\" data-e-type=\"container\">\n\t\t\t\t\t<div class=\"e-con-inner\">\n\t\t<div class=\"elementor-element elementor-element-1d217d50 e-con-full e-flex e-con e-child\" data-id=\"1d217d50\" data-element_type=\"container\" data-e-type=\"container\">\n\t\t\t\t<div class=\"elementor-element elementor-element-25a155e1 elementor-widget elementor-widget-text-editor\" data-id=\"25a155e1\" data-element_type=\"widget\" data-e-type=\"widget\" data-widget_type=\"text-editor.default\">\n\t\t\t\t\t\t\t\t\t<p>Greter &amp; Partner Rechtsanw\u00e4lte AG ber\u00e4t Klienten in der grenz\u00fcberschreitenden Strukturierung von Familienverm\u00f6gen mittels Trusts und anderen ausl\u00e4ndischen Rechtsformen zum Zwecke der Erbschafts- und Nachfolgeplanung, f\u00fcr gemeinn\u00fctzige und philanthropische Zielsetzungen sowie f\u00fcr alle sonstigen juristischen Zwecke.<\/p><p>Dabei begleiten Greter &amp; Partner Rechtsanw\u00e4lte AG Klienten auch in Prozessen betreffend Trusts, Schenkungen, Testamenten und Erbvertr\u00e4gen sowie Nachl\u00e4ssen vor schweizerischen und ausl\u00e4ndischen Gerichten in Zusammenarbeit mit ausgew\u00e4hlten Kolleginnen und Kollegen.<\/p>\t\t\t\t\t\t\t\t<\/div>\n\t\t\t\t<\/div>\n\t\t\t\t\t<\/div>\n\t\t\t\t<\/div>\n\t\t\t\t<\/div>\n\t\t","protected":false},"excerpt":{"rendered":"<p>Greter &#038; Partner Rechtsanw\u00e4lte AG ber\u00e4t Klienten in der grenz\u00fcberschreitenden Strukturierung von Familienverm\u00f6gen wie Trusts und anderen ausl\u00e4ndischen Rechtsformen zum Zwecke der Erbschafts- und Nachfolgeplanung, f\u00fcr gemeinn\u00fctzige und philanthropische Zielsetzungen sowie f\u00fcr alle sonstigen juristischen Zwecke. <\/p>\n","protected":false},"author":1,"featured_media":0,"parent":0,"menu_order":0,"comment_status":"closed","ping_status":"closed","template":"","meta":{"footnotes":""},"class_list":["post-2312","page","type-page","status-publish","hentry"],"blocksy_meta":[],"yoast_head":"<!-- This site is optimized with the Yoast SEO plugin v27.2 - https:\/\/yoast.com\/product\/yoast-seo-wordpress\/ -->\n<title>Trustrecht - Greter &amp; Partner Rechtsanw\u00e4lte AG<\/title>\n<meta name=\"description\" content=\"Greter &amp; Partner Rechtsanw\u00e4lte AG ber\u00e4t Klienten in der grenz\u00fcberschreitenden Strukturierung von Familienverm\u00f6gen.\" \/>\n<meta name=\"robots\" content=\"index, follow, max-snippet:-1, max-image-preview:large, max-video-preview:-1\" \/>\n<link rel=\"canonical\" href=\"https:\/\/www.greterlaw.com\/de\/trustrecht\/\" \/>\n<meta property=\"og:locale\" content=\"de_DE\" \/>\n<meta property=\"og:type\" content=\"article\" \/>\n<meta property=\"og:title\" content=\"Trustrecht - Greter &amp; Partner Rechtsanw\u00e4lte AG\" \/>\n<meta property=\"og:description\" content=\"Greter &amp; Partner Rechtsanw\u00e4lte AG ber\u00e4t Klienten in der grenz\u00fcberschreitenden Strukturierung von Familienverm\u00f6gen.\" \/>\n<meta property=\"og:url\" content=\"https:\/\/www.greterlaw.com\/de\/trustrecht\/\" \/>\n<meta property=\"og:site_name\" content=\"Greter &amp; Partner Rechtsanw\u00e4lte AG\" \/>\n<meta property=\"article:modified_time\" content=\"2026-03-03T18:05:03+00:00\" \/>\n<meta name=\"twitter:card\" content=\"summary_large_image\" \/>\n<meta name=\"twitter:label1\" content=\"Gesch\u00e4tzte Lesezeit\" \/>\n\t<meta name=\"twitter:data1\" content=\"1\u00a0Minute\" \/>\n<script type=\"application\/ld+json\" class=\"yoast-schema-graph\">{\"@context\":\"https:\/\/schema.org\",\"@graph\":[{\"@type\":\"WebPage\",\"@id\":\"https:\/\/www.greterlaw.com\/de\/trustrecht\/\",\"url\":\"https:\/\/www.greterlaw.com\/de\/trustrecht\/\",\"name\":\"Trustrecht - Greter & Partner Rechtsanw\u00e4lte AG\",\"isPartOf\":{\"@id\":\"https:\/\/www.greterlaw.com\/de\/#website\"},\"datePublished\":\"2025-11-20T11:40:42+00:00\",\"dateModified\":\"2026-03-03T18:05:03+00:00\",\"description\":\"Greter & Partner Rechtsanw\u00e4lte AG ber\u00e4t Klienten in der grenz\u00fcberschreitenden Strukturierung von Familienverm\u00f6gen.\",\"breadcrumb\":{\"@id\":\"https:\/\/www.greterlaw.com\/de\/trustrecht\/#breadcrumb\"},\"inLanguage\":\"de\",\"potentialAction\":[{\"@type\":\"ReadAction\",\"target\":[\"https:\/\/www.greterlaw.com\/de\/trustrecht\/\"]}]},{\"@type\":\"BreadcrumbList\",\"@id\":\"https:\/\/www.greterlaw.com\/de\/trustrecht\/#breadcrumb\",\"itemListElement\":[{\"@type\":\"ListItem\",\"position\":1,\"name\":\"Home\",\"item\":\"https:\/\/www.greterlaw.com\/de\/\"},{\"@type\":\"ListItem\",\"position\":2,\"name\":\"Trustrecht\"}]},{\"@type\":\"WebSite\",\"@id\":\"https:\/\/www.greterlaw.com\/de\/#website\",\"url\":\"https:\/\/www.greterlaw.com\/de\/\",\"name\":\"Greter & Partner Rechtsanw\u00e4lte AG\",\"description\":\"\",\"publisher\":{\"@id\":\"https:\/\/www.greterlaw.com\/de\/#organization\"},\"potentialAction\":[{\"@type\":\"SearchAction\",\"target\":{\"@type\":\"EntryPoint\",\"urlTemplate\":\"https:\/\/www.greterlaw.com\/de\/?s={search_term_string}\"},\"query-input\":{\"@type\":\"PropertyValueSpecification\",\"valueRequired\":true,\"valueName\":\"search_term_string\"}}],\"inLanguage\":\"de\"},{\"@type\":\"Organization\",\"@id\":\"https:\/\/www.greterlaw.com\/de\/#organization\",\"name\":\"Greter & Partner Rechtsanw\u00e4lte AG\",\"url\":\"https:\/\/www.greterlaw.com\/de\/\",\"logo\":{\"@type\":\"ImageObject\",\"inLanguage\":\"de\",\"@id\":\"https:\/\/www.greterlaw.com\/de\/#\/schema\/logo\/image\/\",\"url\":\"https:\/\/www.greterlaw.com\/wp-content\/uploads\/2025\/11\/GreterLaw-Logo-EN.png\",\"contentUrl\":\"https:\/\/www.greterlaw.com\/wp-content\/uploads\/2025\/11\/GreterLaw-Logo-EN.png\",\"width\":478,\"height\":160,\"caption\":\"Greter & Partner Rechtsanw\u00e4lte AG\"},\"image\":{\"@id\":\"https:\/\/www.greterlaw.com\/de\/#\/schema\/logo\/image\/\"}}]}<\/script>\n<!-- \/ Yoast SEO plugin. -->","yoast_head_json":{"title":"Trustrecht - Greter & Partner Rechtsanw\u00e4lte AG","description":"Greter & Partner Rechtsanw\u00e4lte AG ber\u00e4t Klienten in der grenz\u00fcberschreitenden Strukturierung von Familienverm\u00f6gen.","robots":{"index":"index","follow":"follow","max-snippet":"max-snippet:-1","max-image-preview":"max-image-preview:large","max-video-preview":"max-video-preview:-1"},"canonical":"https:\/\/www.greterlaw.com\/de\/trustrecht\/","og_locale":"de_DE","og_type":"article","og_title":"Trustrecht - Greter & Partner Rechtsanw\u00e4lte AG","og_description":"Greter & Partner Rechtsanw\u00e4lte AG ber\u00e4t Klienten in der grenz\u00fcberschreitenden Strukturierung von Familienverm\u00f6gen.","og_url":"https:\/\/www.greterlaw.com\/de\/trustrecht\/","og_site_name":"Greter &amp; Partner Rechtsanw\u00e4lte AG","article_modified_time":"2026-03-03T18:05:03+00:00","twitter_card":"summary_large_image","twitter_misc":{"Gesch\u00e4tzte Lesezeit":"1\u00a0Minute"},"schema":{"@context":"https:\/\/schema.org","@graph":[{"@type":"WebPage","@id":"https:\/\/www.greterlaw.com\/de\/trustrecht\/","url":"https:\/\/www.greterlaw.com\/de\/trustrecht\/","name":"Trustrecht - Greter & Partner Rechtsanw\u00e4lte AG","isPartOf":{"@id":"https:\/\/www.greterlaw.com\/de\/#website"},"datePublished":"2025-11-20T11:40:42+00:00","dateModified":"2026-03-03T18:05:03+00:00","description":"Greter & Partner Rechtsanw\u00e4lte AG ber\u00e4t Klienten in der grenz\u00fcberschreitenden Strukturierung von Familienverm\u00f6gen.","breadcrumb":{"@id":"https:\/\/www.greterlaw.com\/de\/trustrecht\/#breadcrumb"},"inLanguage":"de","potentialAction":[{"@type":"ReadAction","target":["https:\/\/www.greterlaw.com\/de\/trustrecht\/"]}]},{"@type":"BreadcrumbList","@id":"https:\/\/www.greterlaw.com\/de\/trustrecht\/#breadcrumb","itemListElement":[{"@type":"ListItem","position":1,"name":"Home","item":"https:\/\/www.greterlaw.com\/de\/"},{"@type":"ListItem","position":2,"name":"Trustrecht"}]},{"@type":"WebSite","@id":"https:\/\/www.greterlaw.com\/de\/#website","url":"https:\/\/www.greterlaw.com\/de\/","name":"Greter & Partner Rechtsanw\u00e4lte AG","description":"","publisher":{"@id":"https:\/\/www.greterlaw.com\/de\/#organization"},"potentialAction":[{"@type":"SearchAction","target":{"@type":"EntryPoint","urlTemplate":"https:\/\/www.greterlaw.com\/de\/?s={search_term_string}"},"query-input":{"@type":"PropertyValueSpecification","valueRequired":true,"valueName":"search_term_string"}}],"inLanguage":"de"},{"@type":"Organization","@id":"https:\/\/www.greterlaw.com\/de\/#organization","name":"Greter & Partner Rechtsanw\u00e4lte AG","url":"https:\/\/www.greterlaw.com\/de\/","logo":{"@type":"ImageObject","inLanguage":"de","@id":"https:\/\/www.greterlaw.com\/de\/#\/schema\/logo\/image\/","url":"https:\/\/www.greterlaw.com\/wp-content\/uploads\/2025\/11\/GreterLaw-Logo-EN.png","contentUrl":"https:\/\/www.greterlaw.com\/wp-content\/uploads\/2025\/11\/GreterLaw-Logo-EN.png","width":478,"height":160,"caption":"Greter & Partner Rechtsanw\u00e4lte AG"},"image":{"@id":"https:\/\/www.greterlaw.com\/de\/#\/schema\/logo\/image\/"}}]}},"_links":{"self":[{"href":"https:\/\/www.greterlaw.com\/de\/wp-json\/wp\/v2\/pages\/2312","targetHints":{"allow":["GET"]}}],"collection":[{"href":"https:\/\/www.greterlaw.com\/de\/wp-json\/wp\/v2\/pages"}],"about":[{"href":"https:\/\/www.greterlaw.com\/de\/wp-json\/wp\/v2\/types\/page"}],"author":[{"embeddable":true,"href":"https:\/\/www.greterlaw.com\/de\/wp-json\/wp\/v2\/users\/1"}],"replies":[{"embeddable":true,"href":"https:\/\/www.greterlaw.com\/de\/wp-json\/wp\/v2\/comments?post=2312"}],"version-history":[{"count":13,"href":"https:\/\/www.greterlaw.com\/de\/wp-json\/wp\/v2\/pages\/2312\/revisions"}],"predecessor-version":[{"id":3262,"href":"https:\/\/www.greterlaw.com\/de\/wp-json\/wp\/v2\/pages\/2312\/revisions\/3262"}],"wp:attachment":[{"href":"https:\/\/www.greterlaw.com\/de\/wp-json\/wp\/v2\/media?parent=2312"}],"curies":[{"name":"wp","href":"https:\/\/api.w.org\/{rel}","templated":true}]}}