{"id":2276,"date":"2025-11-20T11:22:47","date_gmt":"2025-11-20T11:22:47","guid":{"rendered":"https:\/\/greterlaw.com\/?page_id=2276"},"modified":"2026-02-23T12:53:32","modified_gmt":"2026-02-23T12:53:32","slug":"internationales-steuerrecht","status":"publish","type":"page","link":"https:\/\/www.greterlaw.com\/de\/internationales-steuerrecht\/","title":{"rendered":"Internationales Steuerrecht mit Fokus USA"},"content":{"rendered":"\t\t<div data-elementor-type=\"wp-page\" data-elementor-id=\"2276\" class=\"elementor elementor-2276\">\n\t\t\t\t<div class=\"elementor-element elementor-element-2fd6a0ea e-flex e-con-boxed e-con e-parent\" data-id=\"2fd6a0ea\" data-element_type=\"container\" data-e-type=\"container\">\n\t\t\t\t\t<div class=\"e-con-inner\">\n\t\t\t\t<div class=\"elementor-element elementor-element-5dc9f074 elementor-widget elementor-widget-text-editor\" data-id=\"5dc9f074\" data-element_type=\"widget\" data-e-type=\"widget\" data-widget_type=\"text-editor.default\">\n\t\t\t\t\t\t\t\t\t<p>Sch\u00fctzen Sie sich vor steuerlichen Risiken, Doppelbesteuerung und \u00fcberfl\u00fcssigen finanziellen Belastungen.&nbsp;<\/p>\n<p>Oft erscheinen grenz\u00fcberschreitende Steuerfragen unkompliziert, bis man pl\u00f6tzlich mit US-Steuerpflichten, komplexen Meldepflichten oder verschiedenen nationalen Vorschriften konfrontiert wird.&nbsp;<\/p>\n<p>F\u00e4lle, die Verm\u00f6genswerte in mehreren Staaten, US-Staatsb\u00fcrgerschaft oder Greencard-Halter, internationale Unternehmensstrukturen sowie FATCA oder FBAR Reporting-Pflichten beinhalten, sind besonders herausfordernd.&nbsp;<\/p>\n<p>F\u00fcr all diese Aspekte ist eine pr\u00e4zise, l\u00e4nder\u00fcbergreifende steuerliche Planung notwendig.<\/p>\n<p>Wir begleiten Privatpersonen und Unternehmen bei allen Fragen des internationalen Steuerrechts.&nbsp;<\/p>\n<p>Wir erstellen f\u00fcr Sie individuelle L\u00f6sungen im Rahmen der schweizerischen und US-amerikanischen Steuerrechtsordnungen.&nbsp;<\/p>\n<p>Wir sind&nbsp; spezialisiert auf US Steuerrecht und bietet Ihnen kompetente Unterst\u00fctzung bei Deklarationen, Strukturierungen und steueroptimierten Gestaltungen.<\/p>\t\t\t\t\t\t\t\t<\/div>\n\t\t\t\t\t<\/div>\n\t\t\t\t<\/div>\n\t\t\t\t<\/div>\n\t\t","protected":false},"excerpt":{"rendered":"<p>Greter &#038; Partner Rechtsanw\u00e4lte AG verhilft Klienten zu optimalen, auf ihre jeweiligen konkreten Bed\u00fcrfnisse zugeschnittenen L\u00f6sungen, im Rahmen der nationalen und internationalen Steuerrechtsordnungen. <\/p>\n","protected":false},"author":1,"featured_media":0,"parent":0,"menu_order":0,"comment_status":"closed","ping_status":"closed","template":"","meta":{"footnotes":""},"class_list":["post-2276","page","type-page","status-publish","hentry"],"blocksy_meta":[],"yoast_head":"<!-- This site is optimized with the Yoast SEO plugin v27.2 - https:\/\/yoast.com\/product\/yoast-seo-wordpress\/ -->\n<title>Internationales Steuerrecht mit Fokus USA - Greter &amp; Partner Rechtsanw\u00e4lte AG<\/title>\n<meta name=\"description\" content=\"Greter &amp; Partner Rechtsanw\u00e4lte AG verhilft Klienten zu optimalen, auf ihre jeweiligen konkreten Bed\u00fcrfnisse zugeschnittenen L\u00f6sungen, im Rahmen der nationalen und internationalen Steuerrechtsordnungen.\" \/>\n<meta name=\"robots\" content=\"index, follow, max-snippet:-1, max-image-preview:large, max-video-preview:-1\" \/>\n<link rel=\"canonical\" href=\"https:\/\/www.greterlaw.com\/de\/internationales-steuerrecht\/\" \/>\n<meta property=\"og:locale\" content=\"de_DE\" \/>\n<meta property=\"og:type\" content=\"article\" \/>\n<meta property=\"og:title\" content=\"Internationales Steuerrecht mit Fokus USA - Greter &amp; Partner Rechtsanw\u00e4lte AG\" \/>\n<meta property=\"og:description\" content=\"Greter &amp; Partner Rechtsanw\u00e4lte AG verhilft Klienten zu optimalen, auf ihre jeweiligen konkreten Bed\u00fcrfnisse zugeschnittenen L\u00f6sungen, im Rahmen der nationalen und internationalen Steuerrechtsordnungen.\" \/>\n<meta property=\"og:url\" content=\"https:\/\/www.greterlaw.com\/de\/internationales-steuerrecht\/\" \/>\n<meta property=\"og:site_name\" content=\"Greter &amp; Partner Rechtsanw\u00e4lte AG\" \/>\n<meta property=\"article:modified_time\" content=\"2026-02-23T12:53:32+00:00\" \/>\n<meta name=\"twitter:card\" content=\"summary_large_image\" \/>\n<meta name=\"twitter:label1\" content=\"Gesch\u00e4tzte Lesezeit\" \/>\n\t<meta name=\"twitter:data1\" content=\"1\u00a0Minute\" \/>\n<script type=\"application\/ld+json\" class=\"yoast-schema-graph\">{\"@context\":\"https:\/\/schema.org\",\"@graph\":[{\"@type\":\"WebPage\",\"@id\":\"https:\/\/www.greterlaw.com\/de\/internationales-steuerrecht\/\",\"url\":\"https:\/\/www.greterlaw.com\/de\/internationales-steuerrecht\/\",\"name\":\"Internationales Steuerrecht mit Fokus USA - Greter & Partner Rechtsanw\u00e4lte AG\",\"isPartOf\":{\"@id\":\"https:\/\/www.greterlaw.com\/de\/#website\"},\"datePublished\":\"2025-11-20T11:22:47+00:00\",\"dateModified\":\"2026-02-23T12:53:32+00:00\",\"description\":\"Greter & Partner Rechtsanw\u00e4lte AG verhilft Klienten zu optimalen, auf ihre jeweiligen konkreten Bed\u00fcrfnisse zugeschnittenen L\u00f6sungen, im Rahmen der nationalen und internationalen Steuerrechtsordnungen.\",\"breadcrumb\":{\"@id\":\"https:\/\/www.greterlaw.com\/de\/internationales-steuerrecht\/#breadcrumb\"},\"inLanguage\":\"de\",\"potentialAction\":[{\"@type\":\"ReadAction\",\"target\":[\"https:\/\/www.greterlaw.com\/de\/internationales-steuerrecht\/\"]}]},{\"@type\":\"BreadcrumbList\",\"@id\":\"https:\/\/www.greterlaw.com\/de\/internationales-steuerrecht\/#breadcrumb\",\"itemListElement\":[{\"@type\":\"ListItem\",\"position\":1,\"name\":\"Home\",\"item\":\"https:\/\/www.greterlaw.com\/de\/\"},{\"@type\":\"ListItem\",\"position\":2,\"name\":\"Internationales Steuerrecht mit Fokus USA\"}]},{\"@type\":\"WebSite\",\"@id\":\"https:\/\/www.greterlaw.com\/de\/#website\",\"url\":\"https:\/\/www.greterlaw.com\/de\/\",\"name\":\"Greter & Partner Rechtsanw\u00e4lte AG\",\"description\":\"\",\"publisher\":{\"@id\":\"https:\/\/www.greterlaw.com\/de\/#organization\"},\"potentialAction\":[{\"@type\":\"SearchAction\",\"target\":{\"@type\":\"EntryPoint\",\"urlTemplate\":\"https:\/\/www.greterlaw.com\/de\/?s={search_term_string}\"},\"query-input\":{\"@type\":\"PropertyValueSpecification\",\"valueRequired\":true,\"valueName\":\"search_term_string\"}}],\"inLanguage\":\"de\"},{\"@type\":\"Organization\",\"@id\":\"https:\/\/www.greterlaw.com\/de\/#organization\",\"name\":\"Greter & Partner Rechtsanw\u00e4lte AG\",\"url\":\"https:\/\/www.greterlaw.com\/de\/\",\"logo\":{\"@type\":\"ImageObject\",\"inLanguage\":\"de\",\"@id\":\"https:\/\/www.greterlaw.com\/de\/#\/schema\/logo\/image\/\",\"url\":\"https:\/\/www.greterlaw.com\/wp-content\/uploads\/2025\/11\/GreterLaw-Logo-EN.png\",\"contentUrl\":\"https:\/\/www.greterlaw.com\/wp-content\/uploads\/2025\/11\/GreterLaw-Logo-EN.png\",\"width\":478,\"height\":160,\"caption\":\"Greter & Partner Rechtsanw\u00e4lte AG\"},\"image\":{\"@id\":\"https:\/\/www.greterlaw.com\/de\/#\/schema\/logo\/image\/\"}}]}<\/script>\n<!-- \/ Yoast SEO plugin. -->","yoast_head_json":{"title":"Internationales Steuerrecht mit Fokus USA - Greter & Partner Rechtsanw\u00e4lte AG","description":"Greter & Partner Rechtsanw\u00e4lte AG verhilft Klienten zu optimalen, auf ihre jeweiligen konkreten Bed\u00fcrfnisse zugeschnittenen L\u00f6sungen, im Rahmen der nationalen und internationalen Steuerrechtsordnungen.","robots":{"index":"index","follow":"follow","max-snippet":"max-snippet:-1","max-image-preview":"max-image-preview:large","max-video-preview":"max-video-preview:-1"},"canonical":"https:\/\/www.greterlaw.com\/de\/internationales-steuerrecht\/","og_locale":"de_DE","og_type":"article","og_title":"Internationales Steuerrecht mit Fokus USA - Greter & Partner Rechtsanw\u00e4lte AG","og_description":"Greter & Partner Rechtsanw\u00e4lte AG verhilft Klienten zu optimalen, auf ihre jeweiligen konkreten Bed\u00fcrfnisse zugeschnittenen L\u00f6sungen, im Rahmen der nationalen und internationalen Steuerrechtsordnungen.","og_url":"https:\/\/www.greterlaw.com\/de\/internationales-steuerrecht\/","og_site_name":"Greter &amp; Partner Rechtsanw\u00e4lte AG","article_modified_time":"2026-02-23T12:53:32+00:00","twitter_card":"summary_large_image","twitter_misc":{"Gesch\u00e4tzte Lesezeit":"1\u00a0Minute"},"schema":{"@context":"https:\/\/schema.org","@graph":[{"@type":"WebPage","@id":"https:\/\/www.greterlaw.com\/de\/internationales-steuerrecht\/","url":"https:\/\/www.greterlaw.com\/de\/internationales-steuerrecht\/","name":"Internationales Steuerrecht mit Fokus USA - Greter & Partner Rechtsanw\u00e4lte AG","isPartOf":{"@id":"https:\/\/www.greterlaw.com\/de\/#website"},"datePublished":"2025-11-20T11:22:47+00:00","dateModified":"2026-02-23T12:53:32+00:00","description":"Greter & Partner Rechtsanw\u00e4lte AG verhilft Klienten zu optimalen, auf ihre jeweiligen konkreten Bed\u00fcrfnisse zugeschnittenen L\u00f6sungen, im Rahmen der nationalen und internationalen Steuerrechtsordnungen.","breadcrumb":{"@id":"https:\/\/www.greterlaw.com\/de\/internationales-steuerrecht\/#breadcrumb"},"inLanguage":"de","potentialAction":[{"@type":"ReadAction","target":["https:\/\/www.greterlaw.com\/de\/internationales-steuerrecht\/"]}]},{"@type":"BreadcrumbList","@id":"https:\/\/www.greterlaw.com\/de\/internationales-steuerrecht\/#breadcrumb","itemListElement":[{"@type":"ListItem","position":1,"name":"Home","item":"https:\/\/www.greterlaw.com\/de\/"},{"@type":"ListItem","position":2,"name":"Internationales Steuerrecht mit Fokus USA"}]},{"@type":"WebSite","@id":"https:\/\/www.greterlaw.com\/de\/#website","url":"https:\/\/www.greterlaw.com\/de\/","name":"Greter & Partner Rechtsanw\u00e4lte AG","description":"","publisher":{"@id":"https:\/\/www.greterlaw.com\/de\/#organization"},"potentialAction":[{"@type":"SearchAction","target":{"@type":"EntryPoint","urlTemplate":"https:\/\/www.greterlaw.com\/de\/?s={search_term_string}"},"query-input":{"@type":"PropertyValueSpecification","valueRequired":true,"valueName":"search_term_string"}}],"inLanguage":"de"},{"@type":"Organization","@id":"https:\/\/www.greterlaw.com\/de\/#organization","name":"Greter & Partner Rechtsanw\u00e4lte AG","url":"https:\/\/www.greterlaw.com\/de\/","logo":{"@type":"ImageObject","inLanguage":"de","@id":"https:\/\/www.greterlaw.com\/de\/#\/schema\/logo\/image\/","url":"https:\/\/www.greterlaw.com\/wp-content\/uploads\/2025\/11\/GreterLaw-Logo-EN.png","contentUrl":"https:\/\/www.greterlaw.com\/wp-content\/uploads\/2025\/11\/GreterLaw-Logo-EN.png","width":478,"height":160,"caption":"Greter & Partner Rechtsanw\u00e4lte AG"},"image":{"@id":"https:\/\/www.greterlaw.com\/de\/#\/schema\/logo\/image\/"}}]}},"_links":{"self":[{"href":"https:\/\/www.greterlaw.com\/de\/wp-json\/wp\/v2\/pages\/2276","targetHints":{"allow":["GET"]}}],"collection":[{"href":"https:\/\/www.greterlaw.com\/de\/wp-json\/wp\/v2\/pages"}],"about":[{"href":"https:\/\/www.greterlaw.com\/de\/wp-json\/wp\/v2\/types\/page"}],"author":[{"embeddable":true,"href":"https:\/\/www.greterlaw.com\/de\/wp-json\/wp\/v2\/users\/1"}],"replies":[{"embeddable":true,"href":"https:\/\/www.greterlaw.com\/de\/wp-json\/wp\/v2\/comments?post=2276"}],"version-history":[{"count":16,"href":"https:\/\/www.greterlaw.com\/de\/wp-json\/wp\/v2\/pages\/2276\/revisions"}],"predecessor-version":[{"id":3235,"href":"https:\/\/www.greterlaw.com\/de\/wp-json\/wp\/v2\/pages\/2276\/revisions\/3235"}],"wp:attachment":[{"href":"https:\/\/www.greterlaw.com\/de\/wp-json\/wp\/v2\/media?parent=2276"}],"curies":[{"name":"wp","href":"https:\/\/api.w.org\/{rel}","templated":true}]}}