{"id":2271,"date":"2025-11-20T11:20:02","date_gmt":"2025-11-20T11:20:02","guid":{"rendered":"https:\/\/greterlaw.com\/?page_id=2271"},"modified":"2026-02-23T12:51:35","modified_gmt":"2026-02-23T12:51:35","slug":"family-office","status":"publish","type":"page","link":"https:\/\/www.greterlaw.com\/de\/family-office\/","title":{"rendered":"Family Office"},"content":{"rendered":"\t\t<div data-elementor-type=\"wp-page\" data-elementor-id=\"2271\" class=\"elementor elementor-2271\">\n\t\t\t\t<div class=\"elementor-element elementor-element-4a018e35 e-flex e-con-boxed e-con e-parent\" data-id=\"4a018e35\" data-element_type=\"container\" data-e-type=\"container\">\n\t\t\t\t\t<div class=\"e-con-inner\">\n\t\t<div class=\"elementor-element elementor-element-6df238f7 e-con-full e-flex e-con e-child\" data-id=\"6df238f7\" data-element_type=\"container\" data-e-type=\"container\">\n\t\t\t\t<div class=\"elementor-element elementor-element-2e4c6cf2 elementor-widget elementor-widget-text-editor\" data-id=\"2e4c6cf2\" data-element_type=\"widget\" data-e-type=\"widget\" data-widget_type=\"text-editor.default\">\n\t\t\t\t\t\t\t\t\t<p>Bewahren Sie Ihr Verm\u00f6gen vor Komplexit\u00e4t, Fehlentscheidungen und unn\u00f6tigen Risiken.<\/p>\n<p>Verm\u00f6gende Privatpersonen und Familien erwarten die gleiche qualifizierte Unterst\u00fctzung, wie institutionelle Anleger.&nbsp; Gleichzeitig erh\u00f6hen sich die Anspr\u00fcche an die Beratung durch internationale Verm\u00f6gensstrukturen, steuerliche Aspekte, Planung der Nachfolge, Governance sowie das Management von Stiftungen oder Trusts.<\/p>\n<p>Besonders herausfordernd wird es, wenn sich Verm\u00f6genswerte in unterschiedlichen L\u00e4ndern befinden, famili\u00e4re Interessen koordiniert werden m\u00fcssen oder humanit\u00e4re Zielsetzungen in eine langfristige Verm\u00f6gensstrategie eingebunden werden sollen.<\/p>\n<p>All diese Themen bed\u00fcrfen einer umfassenden, vertrauensvollen und rechtssicheren Betreuung.<\/p>\n<p>Wir helfen Eigent\u00fcmern und Unternehmerfamilien, langfristig Verm\u00f6gen zu bewahren, zu strukturieren und sinnvoll einzusetzen.<\/p>\n<p>Wir bieten auch administrative und operative Unterst\u00fctzung f\u00fcr grenz\u00fcberschreitende Stiftungen sowie karitativen Trusts an, damit ein reibungsloser und rechtssicherer Ablauf \u00fcber Landesgrenzen hinweg gew\u00e4hrleistet ist.<\/p>\t\t\t\t\t\t\t\t<\/div>\n\t\t\t\t<\/div>\n\t\t\t\t\t<\/div>\n\t\t\t\t<\/div>\n\t\t\t\t<\/div>\n\t\t","protected":false},"excerpt":{"rendered":"<p>Verm\u00f6gende private Investoren und Familien m\u00f6chten vermehrt wie institutionelle Anleger betreut werden. Als Begleiter des Eigent\u00fcmers oder Unternehmers erbringt Greter &#038; Partner Rechtsanw\u00e4lte AG nicht nur Dienstleistungen, sondern steht an seiner Seite f\u00fcr die Verwirklichung seines Ziels der integrierten Verm\u00f6genserhaltung und \u2013verwendung.<\/p>\n","protected":false},"author":1,"featured_media":0,"parent":0,"menu_order":0,"comment_status":"closed","ping_status":"closed","template":"","meta":{"footnotes":""},"class_list":["post-2271","page","type-page","status-publish","hentry"],"blocksy_meta":[],"yoast_head":"<!-- This site is optimized with the Yoast SEO plugin v27.2 - https:\/\/yoast.com\/product\/yoast-seo-wordpress\/ -->\n<title>Family Office - Greter &amp; Partner Rechtsanw\u00e4lte AG<\/title>\n<meta name=\"description\" content=\"Verm\u00f6gende private Investoren und Familien m\u00f6chten vermehrt wie institutionelle Anleger betreut werden.\" \/>\n<meta name=\"robots\" content=\"index, follow, max-snippet:-1, max-image-preview:large, max-video-preview:-1\" \/>\n<link rel=\"canonical\" href=\"https:\/\/www.greterlaw.com\/de\/family-office\/\" \/>\n<meta property=\"og:locale\" content=\"de_DE\" \/>\n<meta property=\"og:type\" content=\"article\" \/>\n<meta property=\"og:title\" content=\"Family Office - Greter &amp; Partner Rechtsanw\u00e4lte AG\" \/>\n<meta property=\"og:description\" content=\"Verm\u00f6gende private Investoren und Familien m\u00f6chten vermehrt wie institutionelle Anleger betreut werden.\" \/>\n<meta property=\"og:url\" content=\"https:\/\/www.greterlaw.com\/de\/family-office\/\" \/>\n<meta property=\"og:site_name\" content=\"Greter &amp; Partner Rechtsanw\u00e4lte AG\" \/>\n<meta property=\"article:modified_time\" content=\"2026-02-23T12:51:35+00:00\" \/>\n<meta name=\"twitter:card\" content=\"summary_large_image\" \/>\n<meta name=\"twitter:label1\" content=\"Gesch\u00e4tzte Lesezeit\" \/>\n\t<meta name=\"twitter:data1\" content=\"1\u00a0Minute\" \/>\n<script type=\"application\/ld+json\" class=\"yoast-schema-graph\">{\"@context\":\"https:\/\/schema.org\",\"@graph\":[{\"@type\":\"WebPage\",\"@id\":\"https:\/\/www.greterlaw.com\/de\/family-office\/\",\"url\":\"https:\/\/www.greterlaw.com\/de\/family-office\/\",\"name\":\"Family Office - Greter & Partner Rechtsanw\u00e4lte AG\",\"isPartOf\":{\"@id\":\"https:\/\/www.greterlaw.com\/de\/#website\"},\"datePublished\":\"2025-11-20T11:20:02+00:00\",\"dateModified\":\"2026-02-23T12:51:35+00:00\",\"description\":\"Verm\u00f6gende private Investoren und Familien m\u00f6chten vermehrt wie institutionelle Anleger betreut werden.\",\"breadcrumb\":{\"@id\":\"https:\/\/www.greterlaw.com\/de\/family-office\/#breadcrumb\"},\"inLanguage\":\"de\",\"potentialAction\":[{\"@type\":\"ReadAction\",\"target\":[\"https:\/\/www.greterlaw.com\/de\/family-office\/\"]}]},{\"@type\":\"BreadcrumbList\",\"@id\":\"https:\/\/www.greterlaw.com\/de\/family-office\/#breadcrumb\",\"itemListElement\":[{\"@type\":\"ListItem\",\"position\":1,\"name\":\"Home\",\"item\":\"https:\/\/www.greterlaw.com\/de\/\"},{\"@type\":\"ListItem\",\"position\":2,\"name\":\"Family Office\"}]},{\"@type\":\"WebSite\",\"@id\":\"https:\/\/www.greterlaw.com\/de\/#website\",\"url\":\"https:\/\/www.greterlaw.com\/de\/\",\"name\":\"Greter & Partner Rechtsanw\u00e4lte AG\",\"description\":\"\",\"publisher\":{\"@id\":\"https:\/\/www.greterlaw.com\/de\/#organization\"},\"potentialAction\":[{\"@type\":\"SearchAction\",\"target\":{\"@type\":\"EntryPoint\",\"urlTemplate\":\"https:\/\/www.greterlaw.com\/de\/?s={search_term_string}\"},\"query-input\":{\"@type\":\"PropertyValueSpecification\",\"valueRequired\":true,\"valueName\":\"search_term_string\"}}],\"inLanguage\":\"de\"},{\"@type\":\"Organization\",\"@id\":\"https:\/\/www.greterlaw.com\/de\/#organization\",\"name\":\"Greter & Partner Rechtsanw\u00e4lte AG\",\"url\":\"https:\/\/www.greterlaw.com\/de\/\",\"logo\":{\"@type\":\"ImageObject\",\"inLanguage\":\"de\",\"@id\":\"https:\/\/www.greterlaw.com\/de\/#\/schema\/logo\/image\/\",\"url\":\"https:\/\/www.greterlaw.com\/wp-content\/uploads\/2025\/11\/GreterLaw-Logo-EN.png\",\"contentUrl\":\"https:\/\/www.greterlaw.com\/wp-content\/uploads\/2025\/11\/GreterLaw-Logo-EN.png\",\"width\":478,\"height\":160,\"caption\":\"Greter & Partner Rechtsanw\u00e4lte AG\"},\"image\":{\"@id\":\"https:\/\/www.greterlaw.com\/de\/#\/schema\/logo\/image\/\"}}]}<\/script>\n<!-- \/ Yoast SEO plugin. -->","yoast_head_json":{"title":"Family Office - Greter & Partner Rechtsanw\u00e4lte AG","description":"Verm\u00f6gende private Investoren und Familien m\u00f6chten vermehrt wie institutionelle Anleger betreut werden.","robots":{"index":"index","follow":"follow","max-snippet":"max-snippet:-1","max-image-preview":"max-image-preview:large","max-video-preview":"max-video-preview:-1"},"canonical":"https:\/\/www.greterlaw.com\/de\/family-office\/","og_locale":"de_DE","og_type":"article","og_title":"Family Office - Greter & Partner Rechtsanw\u00e4lte AG","og_description":"Verm\u00f6gende private Investoren und Familien m\u00f6chten vermehrt wie institutionelle Anleger betreut werden.","og_url":"https:\/\/www.greterlaw.com\/de\/family-office\/","og_site_name":"Greter &amp; Partner Rechtsanw\u00e4lte AG","article_modified_time":"2026-02-23T12:51:35+00:00","twitter_card":"summary_large_image","twitter_misc":{"Gesch\u00e4tzte Lesezeit":"1\u00a0Minute"},"schema":{"@context":"https:\/\/schema.org","@graph":[{"@type":"WebPage","@id":"https:\/\/www.greterlaw.com\/de\/family-office\/","url":"https:\/\/www.greterlaw.com\/de\/family-office\/","name":"Family Office - Greter & Partner Rechtsanw\u00e4lte AG","isPartOf":{"@id":"https:\/\/www.greterlaw.com\/de\/#website"},"datePublished":"2025-11-20T11:20:02+00:00","dateModified":"2026-02-23T12:51:35+00:00","description":"Verm\u00f6gende private Investoren und Familien m\u00f6chten vermehrt wie institutionelle Anleger betreut werden.","breadcrumb":{"@id":"https:\/\/www.greterlaw.com\/de\/family-office\/#breadcrumb"},"inLanguage":"de","potentialAction":[{"@type":"ReadAction","target":["https:\/\/www.greterlaw.com\/de\/family-office\/"]}]},{"@type":"BreadcrumbList","@id":"https:\/\/www.greterlaw.com\/de\/family-office\/#breadcrumb","itemListElement":[{"@type":"ListItem","position":1,"name":"Home","item":"https:\/\/www.greterlaw.com\/de\/"},{"@type":"ListItem","position":2,"name":"Family Office"}]},{"@type":"WebSite","@id":"https:\/\/www.greterlaw.com\/de\/#website","url":"https:\/\/www.greterlaw.com\/de\/","name":"Greter & Partner Rechtsanw\u00e4lte AG","description":"","publisher":{"@id":"https:\/\/www.greterlaw.com\/de\/#organization"},"potentialAction":[{"@type":"SearchAction","target":{"@type":"EntryPoint","urlTemplate":"https:\/\/www.greterlaw.com\/de\/?s={search_term_string}"},"query-input":{"@type":"PropertyValueSpecification","valueRequired":true,"valueName":"search_term_string"}}],"inLanguage":"de"},{"@type":"Organization","@id":"https:\/\/www.greterlaw.com\/de\/#organization","name":"Greter & Partner Rechtsanw\u00e4lte AG","url":"https:\/\/www.greterlaw.com\/de\/","logo":{"@type":"ImageObject","inLanguage":"de","@id":"https:\/\/www.greterlaw.com\/de\/#\/schema\/logo\/image\/","url":"https:\/\/www.greterlaw.com\/wp-content\/uploads\/2025\/11\/GreterLaw-Logo-EN.png","contentUrl":"https:\/\/www.greterlaw.com\/wp-content\/uploads\/2025\/11\/GreterLaw-Logo-EN.png","width":478,"height":160,"caption":"Greter & Partner Rechtsanw\u00e4lte AG"},"image":{"@id":"https:\/\/www.greterlaw.com\/de\/#\/schema\/logo\/image\/"}}]}},"_links":{"self":[{"href":"https:\/\/www.greterlaw.com\/de\/wp-json\/wp\/v2\/pages\/2271","targetHints":{"allow":["GET"]}}],"collection":[{"href":"https:\/\/www.greterlaw.com\/de\/wp-json\/wp\/v2\/pages"}],"about":[{"href":"https:\/\/www.greterlaw.com\/de\/wp-json\/wp\/v2\/types\/page"}],"author":[{"embeddable":true,"href":"https:\/\/www.greterlaw.com\/de\/wp-json\/wp\/v2\/users\/1"}],"replies":[{"embeddable":true,"href":"https:\/\/www.greterlaw.com\/de\/wp-json\/wp\/v2\/comments?post=2271"}],"version-history":[{"count":13,"href":"https:\/\/www.greterlaw.com\/de\/wp-json\/wp\/v2\/pages\/2271\/revisions"}],"predecessor-version":[{"id":3231,"href":"https:\/\/www.greterlaw.com\/de\/wp-json\/wp\/v2\/pages\/2271\/revisions\/3231"}],"wp:attachment":[{"href":"https:\/\/www.greterlaw.com\/de\/wp-json\/wp\/v2\/media?parent=2271"}],"curies":[{"name":"wp","href":"https:\/\/api.w.org\/{rel}","templated":true}]}}