{"id":2259,"date":"2025-11-20T11:15:21","date_gmt":"2025-11-20T11:15:21","guid":{"rendered":"https:\/\/greterlaw.com\/?page_id=2259"},"modified":"2026-03-03T18:00:57","modified_gmt":"2026-03-03T18:00:57","slug":"nachlassplanung-erbrecht","status":"publish","type":"page","link":"https:\/\/www.greterlaw.com\/de\/nachlassplanung-erbrecht\/","title":{"rendered":"Nachlassplanung &amp; Erbrecht"},"content":{"rendered":"\t\t<div data-elementor-type=\"wp-page\" data-elementor-id=\"2259\" class=\"elementor elementor-2259\">\n\t\t\t\t<div class=\"elementor-element elementor-element-2ef968f e-flex e-con-boxed e-con e-parent\" data-id=\"2ef968f\" data-element_type=\"container\" data-e-type=\"container\">\n\t\t\t\t\t<div class=\"e-con-inner\">\n\t\t<div class=\"elementor-element elementor-element-b3b5d45 e-con-full e-flex e-con e-child\" data-id=\"b3b5d45\" data-element_type=\"container\" data-e-type=\"container\">\n\t\t\t\t<div class=\"elementor-element elementor-element-e318161 elementor-widget elementor-widget-text-editor\" data-id=\"e318161\" data-element_type=\"widget\" data-e-type=\"widget\" data-widget_type=\"text-editor.default\">\n\t\t\t\t\t\t\t\t\t<p>Sch\u00fctzen Sie Ihre Nachkommen vor Konflikten, unn\u00f6tigen Steuern und finanziellen Belastungen.<\/p><p>Oft wird untersch\u00e4tzt, wie kompliziert Erbschaftsangelegenheiten sein k\u00f6nnen:\u00a0 Patchworkfamilien, Partner ohne Heiratsurkunde, Verm\u00f6genswerte im Ausland, Immobilien oder Unternehmensanteile.\u00a0<\/p><p>All diese Unst\u00e4nde erfordern klare und rechtliche Regelungen.<\/p><p>Wir beraten und unterst\u00fctzen schweizerische und internationale Privatpersonen in allen Phasen ihrer Nachfolgeplanung.<\/p><p>Wir k\u00fcmmern uns um Ehe- und Erbvertr\u00e4ge sowie um das Abfassen von Testamenten.<\/p><p>Wir \u00fcbernehmen Willensvollstreckungsmandate sowie Erbschaftsverwaltungsmandate, und sorgen f\u00fcr eine rechtskonforme und effiziente Nachlassabwicklung.<\/p>\t\t\t\t\t\t\t\t<\/div>\n\t\t\t\t<\/div>\n\t\t\t\t\t<\/div>\n\t\t\t\t<\/div>\n\t\t\t\t<\/div>\n\t\t","protected":false},"excerpt":{"rendered":"<p>Greter &#038; Partner Rechtsanw\u00e4lte AG ber\u00e4t und unterst\u00fctzt schweizerische und internationale Unternehmen und Privatpersonen in allen Phasen ihrer Nachfolgeplanung. <\/p>\n","protected":false},"author":1,"featured_media":0,"parent":0,"menu_order":0,"comment_status":"closed","ping_status":"closed","template":"","meta":{"footnotes":""},"class_list":["post-2259","page","type-page","status-publish","hentry"],"blocksy_meta":[],"yoast_head":"<!-- This site is optimized with the Yoast SEO plugin v27.2 - https:\/\/yoast.com\/product\/yoast-seo-wordpress\/ -->\n<title>Nachlassplanung &amp; Erbrecht - Greter &amp; Partner Rechtsanw\u00e4lte AG<\/title>\n<meta name=\"description\" content=\"Greter &amp; Partner Rechtsanw\u00e4lte AG ber\u00e4t und unterst\u00fctzt schweizerische und internationale Unternehmen und Privatpersonen in allen Phasen ihrer Nachfolgeplanung.\" \/>\n<meta name=\"robots\" content=\"index, follow, max-snippet:-1, max-image-preview:large, max-video-preview:-1\" \/>\n<link rel=\"canonical\" href=\"https:\/\/www.greterlaw.com\/de\/nachlassplanung-erbrecht\/\" \/>\n<meta property=\"og:locale\" content=\"de_DE\" \/>\n<meta property=\"og:type\" content=\"article\" \/>\n<meta property=\"og:title\" content=\"Nachlassplanung &amp; Erbrecht - Greter &amp; Partner Rechtsanw\u00e4lte AG\" \/>\n<meta property=\"og:description\" content=\"Greter &amp; Partner Rechtsanw\u00e4lte AG ber\u00e4t und unterst\u00fctzt schweizerische und internationale Unternehmen und Privatpersonen in allen Phasen ihrer Nachfolgeplanung.\" \/>\n<meta property=\"og:url\" content=\"https:\/\/www.greterlaw.com\/de\/nachlassplanung-erbrecht\/\" \/>\n<meta property=\"og:site_name\" content=\"Greter &amp; Partner Rechtsanw\u00e4lte AG\" \/>\n<meta property=\"article:modified_time\" content=\"2026-03-03T18:00:57+00:00\" \/>\n<meta name=\"twitter:card\" content=\"summary_large_image\" \/>\n<meta name=\"twitter:label1\" content=\"Gesch\u00e4tzte Lesezeit\" \/>\n\t<meta name=\"twitter:data1\" content=\"1\u00a0Minute\" \/>\n<script type=\"application\/ld+json\" class=\"yoast-schema-graph\">{\"@context\":\"https:\/\/schema.org\",\"@graph\":[{\"@type\":\"WebPage\",\"@id\":\"https:\/\/www.greterlaw.com\/de\/nachlassplanung-erbrecht\/\",\"url\":\"https:\/\/www.greterlaw.com\/de\/nachlassplanung-erbrecht\/\",\"name\":\"Nachlassplanung & Erbrecht - Greter & Partner Rechtsanw\u00e4lte AG\",\"isPartOf\":{\"@id\":\"https:\/\/www.greterlaw.com\/de\/#website\"},\"datePublished\":\"2025-11-20T11:15:21+00:00\",\"dateModified\":\"2026-03-03T18:00:57+00:00\",\"description\":\"Greter & Partner Rechtsanw\u00e4lte AG ber\u00e4t und unterst\u00fctzt schweizerische und internationale Unternehmen und Privatpersonen in allen Phasen ihrer Nachfolgeplanung.\",\"breadcrumb\":{\"@id\":\"https:\/\/www.greterlaw.com\/de\/nachlassplanung-erbrecht\/#breadcrumb\"},\"inLanguage\":\"de\",\"potentialAction\":[{\"@type\":\"ReadAction\",\"target\":[\"https:\/\/www.greterlaw.com\/de\/nachlassplanung-erbrecht\/\"]}]},{\"@type\":\"BreadcrumbList\",\"@id\":\"https:\/\/www.greterlaw.com\/de\/nachlassplanung-erbrecht\/#breadcrumb\",\"itemListElement\":[{\"@type\":\"ListItem\",\"position\":1,\"name\":\"Home\",\"item\":\"https:\/\/www.greterlaw.com\/de\/\"},{\"@type\":\"ListItem\",\"position\":2,\"name\":\"Nachlassplanung &amp; Erbrecht\"}]},{\"@type\":\"WebSite\",\"@id\":\"https:\/\/www.greterlaw.com\/de\/#website\",\"url\":\"https:\/\/www.greterlaw.com\/de\/\",\"name\":\"Greter & Partner Rechtsanw\u00e4lte AG\",\"description\":\"\",\"publisher\":{\"@id\":\"https:\/\/www.greterlaw.com\/de\/#organization\"},\"potentialAction\":[{\"@type\":\"SearchAction\",\"target\":{\"@type\":\"EntryPoint\",\"urlTemplate\":\"https:\/\/www.greterlaw.com\/de\/?s={search_term_string}\"},\"query-input\":{\"@type\":\"PropertyValueSpecification\",\"valueRequired\":true,\"valueName\":\"search_term_string\"}}],\"inLanguage\":\"de\"},{\"@type\":\"Organization\",\"@id\":\"https:\/\/www.greterlaw.com\/de\/#organization\",\"name\":\"Greter & Partner Rechtsanw\u00e4lte AG\",\"url\":\"https:\/\/www.greterlaw.com\/de\/\",\"logo\":{\"@type\":\"ImageObject\",\"inLanguage\":\"de\",\"@id\":\"https:\/\/www.greterlaw.com\/de\/#\/schema\/logo\/image\/\",\"url\":\"https:\/\/www.greterlaw.com\/wp-content\/uploads\/2025\/11\/GreterLaw-Logo-EN.png\",\"contentUrl\":\"https:\/\/www.greterlaw.com\/wp-content\/uploads\/2025\/11\/GreterLaw-Logo-EN.png\",\"width\":478,\"height\":160,\"caption\":\"Greter & Partner Rechtsanw\u00e4lte AG\"},\"image\":{\"@id\":\"https:\/\/www.greterlaw.com\/de\/#\/schema\/logo\/image\/\"}}]}<\/script>\n<!-- \/ Yoast SEO plugin. -->","yoast_head_json":{"title":"Nachlassplanung & Erbrecht - Greter & Partner Rechtsanw\u00e4lte AG","description":"Greter & Partner Rechtsanw\u00e4lte AG ber\u00e4t und unterst\u00fctzt schweizerische und internationale Unternehmen und Privatpersonen in allen Phasen ihrer Nachfolgeplanung.","robots":{"index":"index","follow":"follow","max-snippet":"max-snippet:-1","max-image-preview":"max-image-preview:large","max-video-preview":"max-video-preview:-1"},"canonical":"https:\/\/www.greterlaw.com\/de\/nachlassplanung-erbrecht\/","og_locale":"de_DE","og_type":"article","og_title":"Nachlassplanung & Erbrecht - Greter & Partner Rechtsanw\u00e4lte AG","og_description":"Greter & Partner Rechtsanw\u00e4lte AG ber\u00e4t und unterst\u00fctzt schweizerische und internationale Unternehmen und Privatpersonen in allen Phasen ihrer Nachfolgeplanung.","og_url":"https:\/\/www.greterlaw.com\/de\/nachlassplanung-erbrecht\/","og_site_name":"Greter &amp; Partner Rechtsanw\u00e4lte AG","article_modified_time":"2026-03-03T18:00:57+00:00","twitter_card":"summary_large_image","twitter_misc":{"Gesch\u00e4tzte Lesezeit":"1\u00a0Minute"},"schema":{"@context":"https:\/\/schema.org","@graph":[{"@type":"WebPage","@id":"https:\/\/www.greterlaw.com\/de\/nachlassplanung-erbrecht\/","url":"https:\/\/www.greterlaw.com\/de\/nachlassplanung-erbrecht\/","name":"Nachlassplanung & Erbrecht - Greter & Partner Rechtsanw\u00e4lte AG","isPartOf":{"@id":"https:\/\/www.greterlaw.com\/de\/#website"},"datePublished":"2025-11-20T11:15:21+00:00","dateModified":"2026-03-03T18:00:57+00:00","description":"Greter & Partner Rechtsanw\u00e4lte AG ber\u00e4t und unterst\u00fctzt schweizerische und internationale Unternehmen und Privatpersonen in allen Phasen ihrer Nachfolgeplanung.","breadcrumb":{"@id":"https:\/\/www.greterlaw.com\/de\/nachlassplanung-erbrecht\/#breadcrumb"},"inLanguage":"de","potentialAction":[{"@type":"ReadAction","target":["https:\/\/www.greterlaw.com\/de\/nachlassplanung-erbrecht\/"]}]},{"@type":"BreadcrumbList","@id":"https:\/\/www.greterlaw.com\/de\/nachlassplanung-erbrecht\/#breadcrumb","itemListElement":[{"@type":"ListItem","position":1,"name":"Home","item":"https:\/\/www.greterlaw.com\/de\/"},{"@type":"ListItem","position":2,"name":"Nachlassplanung &amp; Erbrecht"}]},{"@type":"WebSite","@id":"https:\/\/www.greterlaw.com\/de\/#website","url":"https:\/\/www.greterlaw.com\/de\/","name":"Greter & Partner Rechtsanw\u00e4lte AG","description":"","publisher":{"@id":"https:\/\/www.greterlaw.com\/de\/#organization"},"potentialAction":[{"@type":"SearchAction","target":{"@type":"EntryPoint","urlTemplate":"https:\/\/www.greterlaw.com\/de\/?s={search_term_string}"},"query-input":{"@type":"PropertyValueSpecification","valueRequired":true,"valueName":"search_term_string"}}],"inLanguage":"de"},{"@type":"Organization","@id":"https:\/\/www.greterlaw.com\/de\/#organization","name":"Greter & Partner Rechtsanw\u00e4lte AG","url":"https:\/\/www.greterlaw.com\/de\/","logo":{"@type":"ImageObject","inLanguage":"de","@id":"https:\/\/www.greterlaw.com\/de\/#\/schema\/logo\/image\/","url":"https:\/\/www.greterlaw.com\/wp-content\/uploads\/2025\/11\/GreterLaw-Logo-EN.png","contentUrl":"https:\/\/www.greterlaw.com\/wp-content\/uploads\/2025\/11\/GreterLaw-Logo-EN.png","width":478,"height":160,"caption":"Greter & Partner Rechtsanw\u00e4lte AG"},"image":{"@id":"https:\/\/www.greterlaw.com\/de\/#\/schema\/logo\/image\/"}}]}},"_links":{"self":[{"href":"https:\/\/www.greterlaw.com\/de\/wp-json\/wp\/v2\/pages\/2259","targetHints":{"allow":["GET"]}}],"collection":[{"href":"https:\/\/www.greterlaw.com\/de\/wp-json\/wp\/v2\/pages"}],"about":[{"href":"https:\/\/www.greterlaw.com\/de\/wp-json\/wp\/v2\/types\/page"}],"author":[{"embeddable":true,"href":"https:\/\/www.greterlaw.com\/de\/wp-json\/wp\/v2\/users\/1"}],"replies":[{"embeddable":true,"href":"https:\/\/www.greterlaw.com\/de\/wp-json\/wp\/v2\/comments?post=2259"}],"version-history":[{"count":25,"href":"https:\/\/www.greterlaw.com\/de\/wp-json\/wp\/v2\/pages\/2259\/revisions"}],"predecessor-version":[{"id":3259,"href":"https:\/\/www.greterlaw.com\/de\/wp-json\/wp\/v2\/pages\/2259\/revisions\/3259"}],"wp:attachment":[{"href":"https:\/\/www.greterlaw.com\/de\/wp-json\/wp\/v2\/media?parent=2259"}],"curies":[{"name":"wp","href":"https:\/\/api.w.org\/{rel}","templated":true}]}}