{"id":2227,"date":"2025-11-20T09:40:28","date_gmt":"2025-11-20T09:40:28","guid":{"rendered":"https:\/\/greterlaw.com\/?page_id=2227"},"modified":"2025-11-26T14:05:09","modified_gmt":"2025-11-26T14:05:09","slug":"mirjam-klem","status":"publish","type":"page","link":"https:\/\/www.greterlaw.com\/de\/ueber-uns\/mirjam-klem\/","title":{"rendered":"Mirjam Klem"},"content":{"rendered":"\t\t<div data-elementor-type=\"wp-page\" data-elementor-id=\"2227\" class=\"elementor elementor-2227\">\n\t\t\t\t<div class=\"elementor-element elementor-element-6eb81ffc e-flex e-con-boxed e-con e-parent\" data-id=\"6eb81ffc\" data-element_type=\"container\" data-e-type=\"container\">\n\t\t\t\t\t<div class=\"e-con-inner\">\n\t\t\t\t<div class=\"elementor-element elementor-element-5c841cf8 elementor-widget elementor-widget-text-editor\" data-id=\"5c841cf8\" data-element_type=\"widget\" data-e-type=\"widget\" data-widget_type=\"text-editor.default\">\n\t\t\t\t\t\t\t\t\t<p><b>lic.iur. TEP, Eidg. dipl. Finanzplanerin<\/b><\/p>\t\t\t\t\t\t\t\t<\/div>\n\t\t<div class=\"elementor-element elementor-element-344a7487 e-con-full e-flex e-con e-child\" data-id=\"344a7487\" data-element_type=\"container\" data-e-type=\"container\">\n\t\t\t\t<div class=\"elementor-element elementor-element-7a2768ea elementor-widget elementor-widget-image\" data-id=\"7a2768ea\" data-element_type=\"widget\" data-e-type=\"widget\" data-widget_type=\"image.default\">\n\t\t\t\t\t\t\t\t\t\t\t\t\t\t\t<img fetchpriority=\"high\" decoding=\"async\" width=\"616\" height=\"922\" src=\"https:\/\/www.greterlaw.com\/wp-content\/uploads\/2025\/11\/Mirjam-Klem.jpg\" class=\"attachment-large size-large wp-image-2147\" alt=\"Mirjam Klem\" srcset=\"https:\/\/www.greterlaw.com\/wp-content\/uploads\/2025\/11\/Mirjam-Klem.jpg 616w, https:\/\/www.greterlaw.com\/wp-content\/uploads\/2025\/11\/Mirjam-Klem-200x300.jpg 200w\" sizes=\"(max-width: 616px) 100vw, 616px\" \/>\t\t\t\t\t\t\t\t\t\t\t\t\t\t\t<\/div>\n\t\t<div class=\"elementor-element elementor-element-731696a9 e-con-full e-flex e-con e-child\" data-id=\"731696a9\" data-element_type=\"container\" data-e-type=\"container\">\n\t\t\t\t<div class=\"elementor-element elementor-element-7d06bff1 elementor-widget elementor-widget-text-editor\" data-id=\"7d06bff1\" data-element_type=\"widget\" data-e-type=\"widget\" data-widget_type=\"text-editor.default\">\n\t\t\t\t\t\t\t\t\t<p>Als Juristin unterst\u00fctzt Mirjam Klem die Anw\u00e4lte der Greter &amp; Partner Rechtsanw\u00e4lte AG in allen juristischen Belangen, insbesondere in den Bereichen Compliance, Geldw\u00e4schereigesetz, Corporate Housekeeping, Betreuung und Aufsetzung von Truststrukturen sowie Abwicklung von nationalen und internationalen Nachl\u00e4ssen. Zudem \u00fcbernimmt sie Mandats- und Koordinationsarbeiten im Zusammenhang mit US-amerikanischen Steuerf\u00e4llen.<\/p><p>Mirjam Klem studierte Rechtswissenschaften an der Universit\u00e4t Basel und schloss im Jahr 2000 ihr Studium mit dem Lizentiat ab. 2012 erwarb sie das Diplom als eidgen\u00f6ssisch diplomierte Finanzplanerin. Vor Aufnahme ihrer T\u00e4tigkeit bei Greter &amp; Partner Rechtsanw\u00e4lte AG im 2021, betreute Mirjam Klem als Wealth Planerin f\u00fcr eine Schweizer Grossbank verm\u00f6gende Privatpersonen und Familien.<\/p><p>Mirjam Klem spricht Deutsch, Englisch, Franz\u00f6sisch und Italienisch. Sie ist Mitglied von STEP (Society of Trust and Estate Practitioners).<\/p>\t\t\t\t\t\t\t\t<\/div>\n\t\t\t\t<div class=\"elementor-element elementor-element-47db4afb elementor-align-start elementor-icon-list--layout-traditional elementor-list-item-link-full_width elementor-widget elementor-widget-icon-list\" data-id=\"47db4afb\" data-element_type=\"widget\" data-e-type=\"widget\" data-widget_type=\"icon-list.default\">\n\t\t\t\t\t\t\t<ul class=\"elementor-icon-list-items\">\n\t\t\t\t\t\t\t<li class=\"elementor-icon-list-item\">\n\t\t\t\t\t\t\t\t\t\t\t<a href=\"mailto:mk@greterlaw.com\">\n\n\t\t\t\t\t\t\t\t\t\t\t\t<span class=\"elementor-icon-list-icon\">\n\t\t\t\t\t\t\t<svg xmlns=\"http:\/\/www.w3.org\/2000\/svg\" height=\"64\" width=\"64\" viewBox=\"0 0 64 64\"><title>64 mail<\/title><g stroke-linecap=\"round\" transform=\"translate(0.25 0.25)\" fill=\"#2c558a\" stroke-linejoin=\"round\" class=\"nc-icon-wrapper\"><polyline data-cap=\"butt\" data-color=\"color-2\" points=\"4.467 9.467 33 35 59.508 9.439\" fill=\"none\" stroke=\"#2c558a\" stroke-width=\"3.5\"><\/polyline><path d=\"M3,13V51a5,5,0,0,0,5,5H56a5,5,0,0,0,5-5V13a5,5,0,0,0-5-5H8A5,5,0,0,0,3,13Z\" fill=\"none\" stroke=\"#2c558a\" stroke-width=\"3.5\"><\/path><\/g><\/svg>\t\t\t\t\t\t<\/span>\n\t\t\t\t\t\t\t\t\t\t<span class=\"elementor-icon-list-text\">E-Mail<\/span>\n\t\t\t\t\t\t\t\t\t\t\t<\/a>\n\t\t\t\t\t\t\t\t\t<\/li>\n\t\t\t\t\t\t<\/ul>\n\t\t\t\t\t\t<\/div>\n\t\t\t\t<\/div>\n\t\t\t\t<\/div>\n\t\t\t\t\t<\/div>\n\t\t\t\t<\/div>\n\t\t\t\t<\/div>\n\t\t","protected":false},"excerpt":{"rendered":"<p>Als Juristin unterst\u00fctzt Mirjam Klem die Anw\u00e4lte der Greter &#038; Partner Rechtsanw\u00e4lte AG in allen juristischen Belangen.<\/p>\n","protected":false},"author":1,"featured_media":2147,"parent":1231,"menu_order":0,"comment_status":"closed","ping_status":"closed","template":"","meta":{"footnotes":""},"class_list":["post-2227","page","type-page","status-publish","has-post-thumbnail","hentry"],"blocksy_meta":[],"yoast_head":"<!-- This site is optimized with the Yoast SEO plugin v27.2 - https:\/\/yoast.com\/product\/yoast-seo-wordpress\/ -->\n<title>Mirjam Klem - Greter &amp; Partner Rechtsanw\u00e4lte AG<\/title>\n<meta name=\"description\" content=\"Als Juristin unterst\u00fctzt Mirjam Klem die Anw\u00e4lte der Greter &amp; Partner Rechtsanw\u00e4lte AG in allen juristischen Belangen.\" \/>\n<meta name=\"robots\" content=\"index, follow, max-snippet:-1, max-image-preview:large, max-video-preview:-1\" \/>\n<link rel=\"canonical\" href=\"https:\/\/www.greterlaw.com\/de\/ueber-uns\/mirjam-klem\/\" \/>\n<meta property=\"og:locale\" content=\"de_DE\" \/>\n<meta property=\"og:type\" content=\"article\" \/>\n<meta property=\"og:title\" content=\"Mirjam Klem - Greter &amp; Partner Rechtsanw\u00e4lte AG\" \/>\n<meta property=\"og:description\" content=\"Als Juristin unterst\u00fctzt Mirjam Klem die Anw\u00e4lte der Greter &amp; Partner Rechtsanw\u00e4lte AG in allen juristischen Belangen.\" \/>\n<meta property=\"og:url\" content=\"https:\/\/www.greterlaw.com\/de\/ueber-uns\/mirjam-klem\/\" \/>\n<meta property=\"og:site_name\" content=\"Greter &amp; Partner Rechtsanw\u00e4lte AG\" \/>\n<meta property=\"article:modified_time\" content=\"2025-11-26T14:05:09+00:00\" \/>\n<meta property=\"og:image\" content=\"https:\/\/www.greterlaw.com\/wp-content\/uploads\/2025\/11\/Mirjam-Klem.jpg\" \/>\n\t<meta property=\"og:image:width\" content=\"616\" \/>\n\t<meta property=\"og:image:height\" content=\"922\" \/>\n\t<meta property=\"og:image:type\" content=\"image\/jpeg\" \/>\n<meta name=\"twitter:card\" content=\"summary_large_image\" \/>\n<meta name=\"twitter:label1\" content=\"Gesch\u00e4tzte Lesezeit\" \/>\n\t<meta name=\"twitter:data1\" content=\"1\u00a0Minute\" \/>\n<script type=\"application\/ld+json\" class=\"yoast-schema-graph\">{\"@context\":\"https:\/\/schema.org\",\"@graph\":[{\"@type\":\"WebPage\",\"@id\":\"https:\/\/www.greterlaw.com\/de\/ueber-uns\/mirjam-klem\/\",\"url\":\"https:\/\/www.greterlaw.com\/de\/ueber-uns\/mirjam-klem\/\",\"name\":\"Mirjam Klem - Greter & Partner Rechtsanw\u00e4lte AG\",\"isPartOf\":{\"@id\":\"https:\/\/www.greterlaw.com\/de\/#website\"},\"primaryImageOfPage\":{\"@id\":\"https:\/\/www.greterlaw.com\/de\/ueber-uns\/mirjam-klem\/#primaryimage\"},\"image\":{\"@id\":\"https:\/\/www.greterlaw.com\/de\/ueber-uns\/mirjam-klem\/#primaryimage\"},\"thumbnailUrl\":\"https:\/\/www.greterlaw.com\/wp-content\/uploads\/2025\/11\/Mirjam-Klem.jpg\",\"datePublished\":\"2025-11-20T09:40:28+00:00\",\"dateModified\":\"2025-11-26T14:05:09+00:00\",\"description\":\"Als Juristin unterst\u00fctzt Mirjam Klem die Anw\u00e4lte der Greter & Partner Rechtsanw\u00e4lte AG in allen juristischen Belangen.\",\"breadcrumb\":{\"@id\":\"https:\/\/www.greterlaw.com\/de\/ueber-uns\/mirjam-klem\/#breadcrumb\"},\"inLanguage\":\"de\",\"potentialAction\":[{\"@type\":\"ReadAction\",\"target\":[\"https:\/\/www.greterlaw.com\/de\/ueber-uns\/mirjam-klem\/\"]}]},{\"@type\":\"ImageObject\",\"inLanguage\":\"de\",\"@id\":\"https:\/\/www.greterlaw.com\/de\/ueber-uns\/mirjam-klem\/#primaryimage\",\"url\":\"https:\/\/www.greterlaw.com\/wp-content\/uploads\/2025\/11\/Mirjam-Klem.jpg\",\"contentUrl\":\"https:\/\/www.greterlaw.com\/wp-content\/uploads\/2025\/11\/Mirjam-Klem.jpg\",\"width\":616,\"height\":922,\"caption\":\"Mirjam Klem\"},{\"@type\":\"BreadcrumbList\",\"@id\":\"https:\/\/www.greterlaw.com\/de\/ueber-uns\/mirjam-klem\/#breadcrumb\",\"itemListElement\":[{\"@type\":\"ListItem\",\"position\":1,\"name\":\"Home\",\"item\":\"https:\/\/www.greterlaw.com\/de\/\"},{\"@type\":\"ListItem\",\"position\":2,\"name\":\"\u00dcber uns\",\"item\":\"https:\/\/www.greterlaw.com\/de\/ueber-uns\/\"},{\"@type\":\"ListItem\",\"position\":3,\"name\":\"Mirjam Klem\"}]},{\"@type\":\"WebSite\",\"@id\":\"https:\/\/www.greterlaw.com\/de\/#website\",\"url\":\"https:\/\/www.greterlaw.com\/de\/\",\"name\":\"Greter & Partner Rechtsanw\u00e4lte AG\",\"description\":\"\",\"publisher\":{\"@id\":\"https:\/\/www.greterlaw.com\/de\/#organization\"},\"potentialAction\":[{\"@type\":\"SearchAction\",\"target\":{\"@type\":\"EntryPoint\",\"urlTemplate\":\"https:\/\/www.greterlaw.com\/de\/?s={search_term_string}\"},\"query-input\":{\"@type\":\"PropertyValueSpecification\",\"valueRequired\":true,\"valueName\":\"search_term_string\"}}],\"inLanguage\":\"de\"},{\"@type\":\"Organization\",\"@id\":\"https:\/\/www.greterlaw.com\/de\/#organization\",\"name\":\"Greter & Partner Rechtsanw\u00e4lte AG\",\"url\":\"https:\/\/www.greterlaw.com\/de\/\",\"logo\":{\"@type\":\"ImageObject\",\"inLanguage\":\"de\",\"@id\":\"https:\/\/www.greterlaw.com\/de\/#\/schema\/logo\/image\/\",\"url\":\"https:\/\/www.greterlaw.com\/wp-content\/uploads\/2025\/11\/GreterLaw-Logo-EN.png\",\"contentUrl\":\"https:\/\/www.greterlaw.com\/wp-content\/uploads\/2025\/11\/GreterLaw-Logo-EN.png\",\"width\":478,\"height\":160,\"caption\":\"Greter & Partner Rechtsanw\u00e4lte AG\"},\"image\":{\"@id\":\"https:\/\/www.greterlaw.com\/de\/#\/schema\/logo\/image\/\"}}]}<\/script>\n<!-- \/ Yoast SEO plugin. -->","yoast_head_json":{"title":"Mirjam Klem - Greter & Partner Rechtsanw\u00e4lte AG","description":"Als Juristin unterst\u00fctzt Mirjam Klem die Anw\u00e4lte der Greter & Partner Rechtsanw\u00e4lte AG in allen juristischen Belangen.","robots":{"index":"index","follow":"follow","max-snippet":"max-snippet:-1","max-image-preview":"max-image-preview:large","max-video-preview":"max-video-preview:-1"},"canonical":"https:\/\/www.greterlaw.com\/de\/ueber-uns\/mirjam-klem\/","og_locale":"de_DE","og_type":"article","og_title":"Mirjam Klem - Greter & Partner Rechtsanw\u00e4lte AG","og_description":"Als Juristin unterst\u00fctzt Mirjam Klem die Anw\u00e4lte der Greter & Partner Rechtsanw\u00e4lte AG in allen juristischen Belangen.","og_url":"https:\/\/www.greterlaw.com\/de\/ueber-uns\/mirjam-klem\/","og_site_name":"Greter &amp; Partner Rechtsanw\u00e4lte AG","article_modified_time":"2025-11-26T14:05:09+00:00","og_image":[{"width":616,"height":922,"url":"https:\/\/www.greterlaw.com\/wp-content\/uploads\/2025\/11\/Mirjam-Klem.jpg","type":"image\/jpeg"}],"twitter_card":"summary_large_image","twitter_misc":{"Gesch\u00e4tzte Lesezeit":"1\u00a0Minute"},"schema":{"@context":"https:\/\/schema.org","@graph":[{"@type":"WebPage","@id":"https:\/\/www.greterlaw.com\/de\/ueber-uns\/mirjam-klem\/","url":"https:\/\/www.greterlaw.com\/de\/ueber-uns\/mirjam-klem\/","name":"Mirjam Klem - Greter & Partner Rechtsanw\u00e4lte AG","isPartOf":{"@id":"https:\/\/www.greterlaw.com\/de\/#website"},"primaryImageOfPage":{"@id":"https:\/\/www.greterlaw.com\/de\/ueber-uns\/mirjam-klem\/#primaryimage"},"image":{"@id":"https:\/\/www.greterlaw.com\/de\/ueber-uns\/mirjam-klem\/#primaryimage"},"thumbnailUrl":"https:\/\/www.greterlaw.com\/wp-content\/uploads\/2025\/11\/Mirjam-Klem.jpg","datePublished":"2025-11-20T09:40:28+00:00","dateModified":"2025-11-26T14:05:09+00:00","description":"Als Juristin unterst\u00fctzt Mirjam Klem die Anw\u00e4lte der Greter & Partner Rechtsanw\u00e4lte AG in allen juristischen Belangen.","breadcrumb":{"@id":"https:\/\/www.greterlaw.com\/de\/ueber-uns\/mirjam-klem\/#breadcrumb"},"inLanguage":"de","potentialAction":[{"@type":"ReadAction","target":["https:\/\/www.greterlaw.com\/de\/ueber-uns\/mirjam-klem\/"]}]},{"@type":"ImageObject","inLanguage":"de","@id":"https:\/\/www.greterlaw.com\/de\/ueber-uns\/mirjam-klem\/#primaryimage","url":"https:\/\/www.greterlaw.com\/wp-content\/uploads\/2025\/11\/Mirjam-Klem.jpg","contentUrl":"https:\/\/www.greterlaw.com\/wp-content\/uploads\/2025\/11\/Mirjam-Klem.jpg","width":616,"height":922,"caption":"Mirjam Klem"},{"@type":"BreadcrumbList","@id":"https:\/\/www.greterlaw.com\/de\/ueber-uns\/mirjam-klem\/#breadcrumb","itemListElement":[{"@type":"ListItem","position":1,"name":"Home","item":"https:\/\/www.greterlaw.com\/de\/"},{"@type":"ListItem","position":2,"name":"\u00dcber uns","item":"https:\/\/www.greterlaw.com\/de\/ueber-uns\/"},{"@type":"ListItem","position":3,"name":"Mirjam Klem"}]},{"@type":"WebSite","@id":"https:\/\/www.greterlaw.com\/de\/#website","url":"https:\/\/www.greterlaw.com\/de\/","name":"Greter & Partner Rechtsanw\u00e4lte AG","description":"","publisher":{"@id":"https:\/\/www.greterlaw.com\/de\/#organization"},"potentialAction":[{"@type":"SearchAction","target":{"@type":"EntryPoint","urlTemplate":"https:\/\/www.greterlaw.com\/de\/?s={search_term_string}"},"query-input":{"@type":"PropertyValueSpecification","valueRequired":true,"valueName":"search_term_string"}}],"inLanguage":"de"},{"@type":"Organization","@id":"https:\/\/www.greterlaw.com\/de\/#organization","name":"Greter & Partner Rechtsanw\u00e4lte AG","url":"https:\/\/www.greterlaw.com\/de\/","logo":{"@type":"ImageObject","inLanguage":"de","@id":"https:\/\/www.greterlaw.com\/de\/#\/schema\/logo\/image\/","url":"https:\/\/www.greterlaw.com\/wp-content\/uploads\/2025\/11\/GreterLaw-Logo-EN.png","contentUrl":"https:\/\/www.greterlaw.com\/wp-content\/uploads\/2025\/11\/GreterLaw-Logo-EN.png","width":478,"height":160,"caption":"Greter & Partner Rechtsanw\u00e4lte AG"},"image":{"@id":"https:\/\/www.greterlaw.com\/de\/#\/schema\/logo\/image\/"}}]}},"_links":{"self":[{"href":"https:\/\/www.greterlaw.com\/de\/wp-json\/wp\/v2\/pages\/2227","targetHints":{"allow":["GET"]}}],"collection":[{"href":"https:\/\/www.greterlaw.com\/de\/wp-json\/wp\/v2\/pages"}],"about":[{"href":"https:\/\/www.greterlaw.com\/de\/wp-json\/wp\/v2\/types\/page"}],"author":[{"embeddable":true,"href":"https:\/\/www.greterlaw.com\/de\/wp-json\/wp\/v2\/users\/1"}],"replies":[{"embeddable":true,"href":"https:\/\/www.greterlaw.com\/de\/wp-json\/wp\/v2\/comments?post=2227"}],"version-history":[{"count":19,"href":"https:\/\/www.greterlaw.com\/de\/wp-json\/wp\/v2\/pages\/2227\/revisions"}],"predecessor-version":[{"id":2784,"href":"https:\/\/www.greterlaw.com\/de\/wp-json\/wp\/v2\/pages\/2227\/revisions\/2784"}],"up":[{"embeddable":true,"href":"https:\/\/www.greterlaw.com\/de\/wp-json\/wp\/v2\/pages\/1231"}],"wp:featuredmedia":[{"embeddable":true,"href":"https:\/\/www.greterlaw.com\/de\/wp-json\/wp\/v2\/media\/2147"}],"wp:attachment":[{"href":"https:\/\/www.greterlaw.com\/de\/wp-json\/wp\/v2\/media?parent=2227"}],"curies":[{"name":"wp","href":"https:\/\/api.w.org\/{rel}","templated":true}]}}