{"id":2202,"date":"2025-11-20T09:20:30","date_gmt":"2025-11-20T09:20:30","guid":{"rendered":"https:\/\/greterlaw.com\/?page_id=2202"},"modified":"2026-01-13T08:54:42","modified_gmt":"2026-01-13T08:54:42","slug":"marina-peter","status":"publish","type":"page","link":"https:\/\/www.greterlaw.com\/de\/ueber-uns\/marina-peter\/","title":{"rendered":"Marina Peter"},"content":{"rendered":"\t\t<div data-elementor-type=\"wp-page\" data-elementor-id=\"2202\" class=\"elementor elementor-2202\">\n\t\t\t\t<div class=\"elementor-element elementor-element-712a0e4a e-flex e-con-boxed e-con e-parent\" data-id=\"712a0e4a\" data-element_type=\"container\" data-e-type=\"container\">\n\t\t\t\t\t<div class=\"e-con-inner\">\n\t\t\t\t<div class=\"elementor-element elementor-element-532dae69 elementor-widget elementor-widget-text-editor\" data-id=\"532dae69\" data-element_type=\"widget\" data-e-type=\"widget\" data-widget_type=\"text-editor.default\">\n\t\t\t\t\t\t\t\t\t<p><b>lic.iur., Rechtsanw\u00e4ltin<\/b><\/p>\t\t\t\t\t\t\t\t<\/div>\n\t\t<div class=\"elementor-element elementor-element-5c7975b3 e-con-full e-flex e-con e-child\" data-id=\"5c7975b3\" data-element_type=\"container\" data-e-type=\"container\">\n\t\t\t\t<div class=\"elementor-element elementor-element-32da27dd elementor-widget elementor-widget-image\" data-id=\"32da27dd\" data-element_type=\"widget\" data-e-type=\"widget\" data-widget_type=\"image.default\">\n\t\t\t\t\t\t\t\t\t\t\t\t\t\t\t<img fetchpriority=\"high\" decoding=\"async\" width=\"616\" height=\"922\" src=\"https:\/\/www.greterlaw.com\/wp-content\/uploads\/2025\/11\/Marina-Peter.jpg\" class=\"attachment-large size-large wp-image-2020\" alt=\"Marina Peter\" srcset=\"https:\/\/www.greterlaw.com\/wp-content\/uploads\/2025\/11\/Marina-Peter.jpg 616w, https:\/\/www.greterlaw.com\/wp-content\/uploads\/2025\/11\/Marina-Peter-200x300.jpg 200w\" sizes=\"(max-width: 616px) 100vw, 616px\" \/>\t\t\t\t\t\t\t\t\t\t\t\t\t\t\t<\/div>\n\t\t<div class=\"elementor-element elementor-element-14d5a270 e-con-full e-flex e-con e-child\" data-id=\"14d5a270\" data-element_type=\"container\" data-e-type=\"container\">\n\t\t\t\t<div class=\"elementor-element elementor-element-4afb1e9a elementor-widget elementor-widget-text-editor\" data-id=\"4afb1e9a\" data-element_type=\"widget\" data-e-type=\"widget\" data-widget_type=\"text-editor.default\">\n\t\t\t\t\t\t\t\t\t<p>Marina Peter befasst sich vorwiegend mit Erbrecht, Immobilienrecht sowie mit spezifischen Themen des amerikanischen Steuerrechts und des internationalen Privatrechts. Sie ber\u00e4t Privatkunden im Bereich der nationalen und internationalen Nachlassplanung, des Erbrechts und Immobilienrechts sowie des Vertragsrechts. Sie amtet als Willensvollstreckerin und betreut Nachlassabwicklungen. Sie ist national und international gut vernetzt und ist nur beratend t\u00e4tig.&nbsp;<\/p><p>Marina Peter studierte Rechtswissenschaften an der Universit\u00e4t Z\u00fcrich und schloss 1988 das Studium mit dem Lizentiat beider Rechte ab. 1992 erwarb sie das Anwaltspatent des Kantons Z\u00fcrich.&nbsp;<\/p><p>1989 absolvierte Marina Peter ein Auditoriat am Bezirksgericht Meilen. Von 1989 bis 1996 arbeitete sie als Substitutin und Rechtsanw\u00e4ltin bei einer Anwaltskanzlei in Z\u00fcrich. Nach einem einj\u00e4hrigen Auslandaufenthalt in den USA war sie von 1997 bis 2012 als Rechtsanw\u00e4ltin bei MGR Meier Greter Rechtsanw\u00e4lte in Z\u00fcrich t\u00e4tig. Seit 2013 arbeitet sie als Rechtsanw\u00e4ltin bei Greter &amp; Partner Rechtsanw\u00e4lte AG.&nbsp;<\/p><p>Marina Peter spricht Deutsch, Italienisch, Englisch und Franz\u00f6sisch. Sie ist im Anwaltsregister des Kantons Z\u00fcrich eingetragen.<\/p><p>Mitgliedschaften: Schweizerischer Anwaltsverband (SAV), Z\u00fcrcher Anwaltsverband (ZAV)<\/p>\t\t\t\t\t\t\t\t<\/div>\n\t\t\t\t<div class=\"elementor-element elementor-element-290a1998 elementor-align-start elementor-icon-list--layout-traditional elementor-list-item-link-full_width elementor-widget elementor-widget-icon-list\" data-id=\"290a1998\" data-element_type=\"widget\" data-e-type=\"widget\" data-widget_type=\"icon-list.default\">\n\t\t\t\t\t\t\t<ul class=\"elementor-icon-list-items\">\n\t\t\t\t\t\t\t<li class=\"elementor-icon-list-item\">\n\t\t\t\t\t\t\t\t\t\t\t<a href=\"mailto:mp@greterlaw.com\" target=\"_blank\">\n\n\t\t\t\t\t\t\t\t\t\t\t\t<span class=\"elementor-icon-list-icon\">\n\t\t\t\t\t\t\t<svg xmlns=\"http:\/\/www.w3.org\/2000\/svg\" height=\"64\" width=\"64\" viewBox=\"0 0 64 64\"><title>64 mail<\/title><g stroke-linecap=\"round\" transform=\"translate(0.25 0.25)\" fill=\"#2c558a\" stroke-linejoin=\"round\" class=\"nc-icon-wrapper\"><polyline data-cap=\"butt\" data-color=\"color-2\" points=\"4.467 9.467 33 35 59.508 9.439\" fill=\"none\" stroke=\"#2c558a\" stroke-width=\"3.5\"><\/polyline><path d=\"M3,13V51a5,5,0,0,0,5,5H56a5,5,0,0,0,5-5V13a5,5,0,0,0-5-5H8A5,5,0,0,0,3,13Z\" fill=\"none\" stroke=\"#2c558a\" stroke-width=\"3.5\"><\/path><\/g><\/svg>\t\t\t\t\t\t<\/span>\n\t\t\t\t\t\t\t\t\t\t<span class=\"elementor-icon-list-text\">E-Mail<\/span>\n\t\t\t\t\t\t\t\t\t\t\t<\/a>\n\t\t\t\t\t\t\t\t\t<\/li>\n\t\t\t\t\t\t\t\t<li class=\"elementor-icon-list-item\">\n\t\t\t\t\t\t\t\t\t\t\t<a href=\"https:\/\/greterlaw.com\/wp-content\/uploads\/2025\/11\/CV_MP_de.pdf\" target=\"_blank\">\n\n\t\t\t\t\t\t\t\t\t\t\t\t<span class=\"elementor-icon-list-icon\">\n\t\t\t\t\t\t\t<svg xmlns=\"http:\/\/www.w3.org\/2000\/svg\" height=\"48\" width=\"48\" viewBox=\"0 0 48 48\"><title>48 file pdf<\/title><g stroke-linecap=\"round\" transform=\"translate(0.25 0.25)\" fill=\"#2C558A\" stroke-linejoin=\"round\" class=\"nc-icon-wrapper\"><path data-color=\"color-2\" data-stroke=\"none\" fill=\"#2C558A\" d=\"M20.071,30.645c0,0.878-0.259,1.556-0.776,2.033 c-0.518,0.479-1.252,0.717-2.205,0.717h-0.596V36h-2.122v-7.853h2.718c0.992,0,1.737,0.217,2.234,0.649 C19.822,29.23,20.071,29.847,20.071,30.645z M16.494,31.666h0.387c0.319,0,0.572-0.09,0.76-0.27c0.188-0.179,0.282-0.426,0.282-0.74 c0-0.53-0.293-0.795-0.881-0.795h-0.548V31.666z\" stroke=\"none\"><\/path><path data-color=\"color-2\" data-stroke=\"none\" fill=\"#2C558A\" d=\"M27.988,31.907c0,1.311-0.361,2.32-1.083,3.029C26.184,35.646,25.17,36,23.863,36 h-2.541v-7.853h2.718c1.26,0,2.233,0.322,2.919,0.967C27.645,29.759,27.988,30.689,27.988,31.907z M25.786,31.982 c0-0.72-0.142-1.253-0.427-1.601c-0.284-0.348-0.717-0.521-1.297-0.521h-0.618v4.398h0.473c0.645,0,1.117-0.188,1.418-0.562 S25.786,32.752,25.786,31.982z\" stroke=\"none\"><\/path><path data-color=\"color-2\" data-stroke=\"none\" fill=\"#2C558A\" d=\"M31.484,36h-2.089v-7.853h4.641v1.702h-2.551v1.499h2.353v1.702h-2.353V36z\" stroke=\"none\"><\/path><polyline data-cap=\"butt\" fill=\"none\" stroke=\"#2C558A\" stroke-width=\"3.5\" points=\"29,2 29,14 41,14 \"><\/polyline><polyline fill=\"none\" stroke=\"#2C558A\" stroke-width=\"3.5\" points=\"41,23 41,14 29,2 7,2 7,23 \"><\/polyline><polyline fill=\"none\" stroke=\"#2C558A\" stroke-width=\"3.5\" points=\"7,41 7,46 41,46 41,41 \"><\/polyline><rect x=\"2\" y=\"23\" fill=\"none\" stroke=\"#2C558A\" stroke-width=\"3.5\" width=\"44\" height=\"18\"><\/rect><\/g><\/svg>\t\t\t\t\t\t<\/span>\n\t\t\t\t\t\t\t\t\t\t<span class=\"elementor-icon-list-text\">CV \u2013 Marina Peter<\/span>\n\t\t\t\t\t\t\t\t\t\t\t<\/a>\n\t\t\t\t\t\t\t\t\t<\/li>\n\t\t\t\t\t\t<\/ul>\n\t\t\t\t\t\t<\/div>\n\t\t\t\t<\/div>\n\t\t\t\t<\/div>\n\t\t\t\t\t<\/div>\n\t\t\t\t<\/div>\n\t\t\t\t<\/div>\n\t\t","protected":false},"excerpt":{"rendered":"<p>Marina Peter befasst sich vorwiegend mit Erbrecht und Immobilienrecht sowie mit spezifischen Themen des amerikanischen Steuerrechts.<\/p>\n","protected":false},"author":1,"featured_media":2020,"parent":1231,"menu_order":0,"comment_status":"closed","ping_status":"closed","template":"","meta":{"footnotes":""},"class_list":["post-2202","page","type-page","status-publish","has-post-thumbnail","hentry"],"blocksy_meta":[],"yoast_head":"<!-- This site is optimized with the Yoast SEO plugin v27.2 - https:\/\/yoast.com\/product\/yoast-seo-wordpress\/ -->\n<title>Marina Peter - Greter &amp; Partner Rechtsanw\u00e4lte AG<\/title>\n<meta name=\"description\" content=\"Marina Peter befasst sich vorwiegend mit Erbrecht und Immobilienrecht sowie mit spezifischen Themen des amerikanischen Steuerrechts.\" \/>\n<meta name=\"robots\" content=\"index, follow, max-snippet:-1, max-image-preview:large, max-video-preview:-1\" \/>\n<link rel=\"canonical\" href=\"https:\/\/www.greterlaw.com\/de\/ueber-uns\/marina-peter\/\" \/>\n<meta property=\"og:locale\" content=\"de_DE\" \/>\n<meta property=\"og:type\" content=\"article\" \/>\n<meta property=\"og:title\" content=\"Marina Peter - Greter &amp; Partner Rechtsanw\u00e4lte AG\" \/>\n<meta property=\"og:description\" content=\"Marina Peter befasst sich vorwiegend mit Erbrecht und Immobilienrecht sowie mit spezifischen Themen des amerikanischen Steuerrechts.\" \/>\n<meta property=\"og:url\" content=\"https:\/\/www.greterlaw.com\/de\/ueber-uns\/marina-peter\/\" \/>\n<meta property=\"og:site_name\" content=\"Greter &amp; Partner Rechtsanw\u00e4lte AG\" \/>\n<meta property=\"article:modified_time\" content=\"2026-01-13T08:54:42+00:00\" \/>\n<meta property=\"og:image\" content=\"https:\/\/www.greterlaw.com\/wp-content\/uploads\/2025\/11\/Marina-Peter.jpg\" \/>\n\t<meta property=\"og:image:width\" content=\"616\" \/>\n\t<meta property=\"og:image:height\" content=\"922\" \/>\n\t<meta property=\"og:image:type\" content=\"image\/jpeg\" \/>\n<meta name=\"twitter:card\" content=\"summary_large_image\" \/>\n<meta name=\"twitter:label1\" content=\"Gesch\u00e4tzte Lesezeit\" \/>\n\t<meta name=\"twitter:data1\" content=\"1\u00a0Minute\" \/>\n<script type=\"application\/ld+json\" class=\"yoast-schema-graph\">{\"@context\":\"https:\/\/schema.org\",\"@graph\":[{\"@type\":\"WebPage\",\"@id\":\"https:\/\/www.greterlaw.com\/de\/ueber-uns\/marina-peter\/\",\"url\":\"https:\/\/www.greterlaw.com\/de\/ueber-uns\/marina-peter\/\",\"name\":\"Marina Peter - Greter & Partner Rechtsanw\u00e4lte AG\",\"isPartOf\":{\"@id\":\"https:\/\/www.greterlaw.com\/de\/#website\"},\"primaryImageOfPage\":{\"@id\":\"https:\/\/www.greterlaw.com\/de\/ueber-uns\/marina-peter\/#primaryimage\"},\"image\":{\"@id\":\"https:\/\/www.greterlaw.com\/de\/ueber-uns\/marina-peter\/#primaryimage\"},\"thumbnailUrl\":\"https:\/\/www.greterlaw.com\/wp-content\/uploads\/2025\/11\/Marina-Peter.jpg\",\"datePublished\":\"2025-11-20T09:20:30+00:00\",\"dateModified\":\"2026-01-13T08:54:42+00:00\",\"description\":\"Marina Peter befasst sich vorwiegend mit Erbrecht und Immobilienrecht sowie mit spezifischen Themen des amerikanischen Steuerrechts.\",\"breadcrumb\":{\"@id\":\"https:\/\/www.greterlaw.com\/de\/ueber-uns\/marina-peter\/#breadcrumb\"},\"inLanguage\":\"de\",\"potentialAction\":[{\"@type\":\"ReadAction\",\"target\":[\"https:\/\/www.greterlaw.com\/de\/ueber-uns\/marina-peter\/\"]}]},{\"@type\":\"ImageObject\",\"inLanguage\":\"de\",\"@id\":\"https:\/\/www.greterlaw.com\/de\/ueber-uns\/marina-peter\/#primaryimage\",\"url\":\"https:\/\/www.greterlaw.com\/wp-content\/uploads\/2025\/11\/Marina-Peter.jpg\",\"contentUrl\":\"https:\/\/www.greterlaw.com\/wp-content\/uploads\/2025\/11\/Marina-Peter.jpg\",\"width\":616,\"height\":922,\"caption\":\"Marina Peter\"},{\"@type\":\"BreadcrumbList\",\"@id\":\"https:\/\/www.greterlaw.com\/de\/ueber-uns\/marina-peter\/#breadcrumb\",\"itemListElement\":[{\"@type\":\"ListItem\",\"position\":1,\"name\":\"Home\",\"item\":\"https:\/\/www.greterlaw.com\/de\/\"},{\"@type\":\"ListItem\",\"position\":2,\"name\":\"\u00dcber uns\",\"item\":\"https:\/\/www.greterlaw.com\/de\/ueber-uns\/\"},{\"@type\":\"ListItem\",\"position\":3,\"name\":\"Marina Peter\"}]},{\"@type\":\"WebSite\",\"@id\":\"https:\/\/www.greterlaw.com\/de\/#website\",\"url\":\"https:\/\/www.greterlaw.com\/de\/\",\"name\":\"Greter & Partner Rechtsanw\u00e4lte AG\",\"description\":\"\",\"publisher\":{\"@id\":\"https:\/\/www.greterlaw.com\/de\/#organization\"},\"potentialAction\":[{\"@type\":\"SearchAction\",\"target\":{\"@type\":\"EntryPoint\",\"urlTemplate\":\"https:\/\/www.greterlaw.com\/de\/?s={search_term_string}\"},\"query-input\":{\"@type\":\"PropertyValueSpecification\",\"valueRequired\":true,\"valueName\":\"search_term_string\"}}],\"inLanguage\":\"de\"},{\"@type\":\"Organization\",\"@id\":\"https:\/\/www.greterlaw.com\/de\/#organization\",\"name\":\"Greter & Partner Rechtsanw\u00e4lte AG\",\"url\":\"https:\/\/www.greterlaw.com\/de\/\",\"logo\":{\"@type\":\"ImageObject\",\"inLanguage\":\"de\",\"@id\":\"https:\/\/www.greterlaw.com\/de\/#\/schema\/logo\/image\/\",\"url\":\"https:\/\/www.greterlaw.com\/wp-content\/uploads\/2025\/11\/GreterLaw-Logo-EN.png\",\"contentUrl\":\"https:\/\/www.greterlaw.com\/wp-content\/uploads\/2025\/11\/GreterLaw-Logo-EN.png\",\"width\":478,\"height\":160,\"caption\":\"Greter & Partner Rechtsanw\u00e4lte AG\"},\"image\":{\"@id\":\"https:\/\/www.greterlaw.com\/de\/#\/schema\/logo\/image\/\"}}]}<\/script>\n<!-- \/ Yoast SEO plugin. -->","yoast_head_json":{"title":"Marina Peter - Greter & Partner Rechtsanw\u00e4lte AG","description":"Marina Peter befasst sich vorwiegend mit Erbrecht und Immobilienrecht sowie mit spezifischen Themen des amerikanischen Steuerrechts.","robots":{"index":"index","follow":"follow","max-snippet":"max-snippet:-1","max-image-preview":"max-image-preview:large","max-video-preview":"max-video-preview:-1"},"canonical":"https:\/\/www.greterlaw.com\/de\/ueber-uns\/marina-peter\/","og_locale":"de_DE","og_type":"article","og_title":"Marina Peter - Greter & Partner Rechtsanw\u00e4lte AG","og_description":"Marina Peter befasst sich vorwiegend mit Erbrecht und Immobilienrecht sowie mit spezifischen Themen des amerikanischen Steuerrechts.","og_url":"https:\/\/www.greterlaw.com\/de\/ueber-uns\/marina-peter\/","og_site_name":"Greter &amp; Partner Rechtsanw\u00e4lte AG","article_modified_time":"2026-01-13T08:54:42+00:00","og_image":[{"width":616,"height":922,"url":"https:\/\/www.greterlaw.com\/wp-content\/uploads\/2025\/11\/Marina-Peter.jpg","type":"image\/jpeg"}],"twitter_card":"summary_large_image","twitter_misc":{"Gesch\u00e4tzte Lesezeit":"1\u00a0Minute"},"schema":{"@context":"https:\/\/schema.org","@graph":[{"@type":"WebPage","@id":"https:\/\/www.greterlaw.com\/de\/ueber-uns\/marina-peter\/","url":"https:\/\/www.greterlaw.com\/de\/ueber-uns\/marina-peter\/","name":"Marina Peter - Greter & Partner Rechtsanw\u00e4lte AG","isPartOf":{"@id":"https:\/\/www.greterlaw.com\/de\/#website"},"primaryImageOfPage":{"@id":"https:\/\/www.greterlaw.com\/de\/ueber-uns\/marina-peter\/#primaryimage"},"image":{"@id":"https:\/\/www.greterlaw.com\/de\/ueber-uns\/marina-peter\/#primaryimage"},"thumbnailUrl":"https:\/\/www.greterlaw.com\/wp-content\/uploads\/2025\/11\/Marina-Peter.jpg","datePublished":"2025-11-20T09:20:30+00:00","dateModified":"2026-01-13T08:54:42+00:00","description":"Marina Peter befasst sich vorwiegend mit Erbrecht und Immobilienrecht sowie mit spezifischen Themen des amerikanischen Steuerrechts.","breadcrumb":{"@id":"https:\/\/www.greterlaw.com\/de\/ueber-uns\/marina-peter\/#breadcrumb"},"inLanguage":"de","potentialAction":[{"@type":"ReadAction","target":["https:\/\/www.greterlaw.com\/de\/ueber-uns\/marina-peter\/"]}]},{"@type":"ImageObject","inLanguage":"de","@id":"https:\/\/www.greterlaw.com\/de\/ueber-uns\/marina-peter\/#primaryimage","url":"https:\/\/www.greterlaw.com\/wp-content\/uploads\/2025\/11\/Marina-Peter.jpg","contentUrl":"https:\/\/www.greterlaw.com\/wp-content\/uploads\/2025\/11\/Marina-Peter.jpg","width":616,"height":922,"caption":"Marina Peter"},{"@type":"BreadcrumbList","@id":"https:\/\/www.greterlaw.com\/de\/ueber-uns\/marina-peter\/#breadcrumb","itemListElement":[{"@type":"ListItem","position":1,"name":"Home","item":"https:\/\/www.greterlaw.com\/de\/"},{"@type":"ListItem","position":2,"name":"\u00dcber uns","item":"https:\/\/www.greterlaw.com\/de\/ueber-uns\/"},{"@type":"ListItem","position":3,"name":"Marina Peter"}]},{"@type":"WebSite","@id":"https:\/\/www.greterlaw.com\/de\/#website","url":"https:\/\/www.greterlaw.com\/de\/","name":"Greter & Partner Rechtsanw\u00e4lte AG","description":"","publisher":{"@id":"https:\/\/www.greterlaw.com\/de\/#organization"},"potentialAction":[{"@type":"SearchAction","target":{"@type":"EntryPoint","urlTemplate":"https:\/\/www.greterlaw.com\/de\/?s={search_term_string}"},"query-input":{"@type":"PropertyValueSpecification","valueRequired":true,"valueName":"search_term_string"}}],"inLanguage":"de"},{"@type":"Organization","@id":"https:\/\/www.greterlaw.com\/de\/#organization","name":"Greter & Partner Rechtsanw\u00e4lte AG","url":"https:\/\/www.greterlaw.com\/de\/","logo":{"@type":"ImageObject","inLanguage":"de","@id":"https:\/\/www.greterlaw.com\/de\/#\/schema\/logo\/image\/","url":"https:\/\/www.greterlaw.com\/wp-content\/uploads\/2025\/11\/GreterLaw-Logo-EN.png","contentUrl":"https:\/\/www.greterlaw.com\/wp-content\/uploads\/2025\/11\/GreterLaw-Logo-EN.png","width":478,"height":160,"caption":"Greter & Partner Rechtsanw\u00e4lte AG"},"image":{"@id":"https:\/\/www.greterlaw.com\/de\/#\/schema\/logo\/image\/"}}]}},"_links":{"self":[{"href":"https:\/\/www.greterlaw.com\/de\/wp-json\/wp\/v2\/pages\/2202","targetHints":{"allow":["GET"]}}],"collection":[{"href":"https:\/\/www.greterlaw.com\/de\/wp-json\/wp\/v2\/pages"}],"about":[{"href":"https:\/\/www.greterlaw.com\/de\/wp-json\/wp\/v2\/types\/page"}],"author":[{"embeddable":true,"href":"https:\/\/www.greterlaw.com\/de\/wp-json\/wp\/v2\/users\/1"}],"replies":[{"embeddable":true,"href":"https:\/\/www.greterlaw.com\/de\/wp-json\/wp\/v2\/comments?post=2202"}],"version-history":[{"count":32,"href":"https:\/\/www.greterlaw.com\/de\/wp-json\/wp\/v2\/pages\/2202\/revisions"}],"predecessor-version":[{"id":3195,"href":"https:\/\/www.greterlaw.com\/de\/wp-json\/wp\/v2\/pages\/2202\/revisions\/3195"}],"up":[{"embeddable":true,"href":"https:\/\/www.greterlaw.com\/de\/wp-json\/wp\/v2\/pages\/1231"}],"wp:featuredmedia":[{"embeddable":true,"href":"https:\/\/www.greterlaw.com\/de\/wp-json\/wp\/v2\/media\/2020"}],"wp:attachment":[{"href":"https:\/\/www.greterlaw.com\/de\/wp-json\/wp\/v2\/media?parent=2202"}],"curies":[{"name":"wp","href":"https:\/\/api.w.org\/{rel}","templated":true}]}}