{"id":2180,"date":"2025-11-20T08:22:43","date_gmt":"2025-11-20T08:22:43","guid":{"rendered":"https:\/\/greterlaw.com\/?page_id=2180"},"modified":"2026-01-02T14:21:49","modified_gmt":"2026-01-02T14:21:49","slug":"juerg-greter","status":"publish","type":"page","link":"https:\/\/www.greterlaw.com\/de\/ueber-uns\/juerg-greter\/","title":{"rendered":"J\u00fcrg Greter"},"content":{"rendered":"\t\t<div data-elementor-type=\"wp-page\" data-elementor-id=\"2180\" class=\"elementor elementor-2180\">\n\t\t\t\t<div class=\"elementor-element elementor-element-5955b00 e-flex e-con-boxed e-con e-parent\" data-id=\"5955b00\" data-element_type=\"container\" data-e-type=\"container\">\n\t\t\t\t\t<div class=\"e-con-inner\">\n\t\t\t\t<div class=\"elementor-element elementor-element-3c6f2c2 elementor-widget elementor-widget-text-editor\" data-id=\"3c6f2c2\" data-element_type=\"widget\" data-e-type=\"widget\" data-widget_type=\"text-editor.default\">\n\t\t\t\t\t\t\t\t\t<p><span style=\"font-weight: bold;\">Esq., LL.M., Rechtsanwalt<\/span><\/p>\t\t\t\t\t\t\t\t<\/div>\n\t\t<div class=\"elementor-element elementor-element-6a0c99b e-con-full e-flex e-con e-child\" data-id=\"6a0c99b\" data-element_type=\"container\" data-e-type=\"container\">\n\t\t\t\t<div class=\"elementor-element elementor-element-1d953ba elementor-widget elementor-widget-image\" data-id=\"1d953ba\" data-element_type=\"widget\" data-e-type=\"widget\" data-widget_type=\"image.default\">\n\t\t\t\t\t\t\t\t\t\t\t\t\t\t\t<img fetchpriority=\"high\" decoding=\"async\" width=\"616\" height=\"922\" src=\"https:\/\/www.greterlaw.com\/wp-content\/uploads\/2025\/11\/Jurg-Greter.jpg\" class=\"attachment-large size-large wp-image-2017\" alt=\"J\u00fcrg Greter\" srcset=\"https:\/\/www.greterlaw.com\/wp-content\/uploads\/2025\/11\/Jurg-Greter.jpg 616w, https:\/\/www.greterlaw.com\/wp-content\/uploads\/2025\/11\/Jurg-Greter-200x300.jpg 200w\" sizes=\"(max-width: 616px) 100vw, 616px\" \/>\t\t\t\t\t\t\t\t\t\t\t\t\t\t\t<\/div>\n\t\t<div class=\"elementor-element elementor-element-43fe6ea e-con-full e-flex e-con e-child\" data-id=\"43fe6ea\" data-element_type=\"container\" data-e-type=\"container\">\n\t\t\t\t<div class=\"elementor-element elementor-element-16a915b elementor-widget elementor-widget-text-editor\" data-id=\"16a915b\" data-element_type=\"widget\" data-e-type=\"widget\" data-widget_type=\"text-editor.default\">\n\t\t\t\t\t\t\t\t\t<p>J\u00fcrg Greter ber\u00e4t nationale und internationale Familien und Privatkunden (HNI) in allen Belangen. Er ist Experte f\u00fcr US-amerikanisches und internationales Steuerrecht, f\u00fcr grenz\u00fcberschreitende Strukturierungen sowie in Erbschaftsberatung.<\/p><p>J\u00fcrg Greter studierte Rechtswissenschaften an der Universit\u00e4t Freiburg i.Ue. und schloss 1991 das Studium mit dem Lizentiat beider Rechte (lic. utr. iur.) ab. 1996 erwarb er das Anwaltspatent des Kantons Z\u00fcrich und wurde im Jahr 2000 als Anwalt in New York zugelassen. Seine akademische Ausbildung erweiterte J\u00fcrg Greter 1993 an der Georgetown University in Washington D.C. (LL.M. in Common Law Studies) und 2000 an der New York University School of Law (LL.M. in International Taxation).<\/p><p>2000 \u2013 2004 arbeitete er als Leiter KPMG Private in Z\u00fcrich. Seit 2004 ist J\u00fcrg Greter als selbst\u00e4ndiger Anwalt in Z\u00fcrich t\u00e4tig und gr\u00fcndete 2013 Greter &amp; Partner Rechtsanw\u00e4lte AG.<\/p><p>J\u00fcrg Greter spricht Deutsch, Englisch, Italienisch und Franz\u00f6sisch. Er ist im Anwaltsregister des Kantons Z\u00fcrich eingetragen und als Anwalt in New York (USA) zugelassen.<\/p><p>Mitgliedschaften: Schweizerischer Anwaltsverband (SAV), Z\u00fcrcher Anwaltsverband (ZAV), New York Bar Association, TEP (Trust und Estate Practitioner)<\/p>\t\t\t\t\t\t\t\t<\/div>\n\t\t\t\t<div class=\"elementor-element elementor-element-5f7b11d elementor-align-start elementor-icon-list--layout-traditional elementor-list-item-link-full_width elementor-widget elementor-widget-icon-list\" data-id=\"5f7b11d\" data-element_type=\"widget\" data-e-type=\"widget\" data-widget_type=\"icon-list.default\">\n\t\t\t\t\t\t\t<ul class=\"elementor-icon-list-items\">\n\t\t\t\t\t\t\t<li class=\"elementor-icon-list-item\">\n\t\t\t\t\t\t\t\t\t\t\t<a href=\"mailto:jg@greterlaw.com\">\n\n\t\t\t\t\t\t\t\t\t\t\t\t<span class=\"elementor-icon-list-icon\">\n\t\t\t\t\t\t\t<svg xmlns=\"http:\/\/www.w3.org\/2000\/svg\" height=\"64\" width=\"64\" viewBox=\"0 0 64 64\"><title>64 mail<\/title><g stroke-linecap=\"round\" transform=\"translate(0.25 0.25)\" fill=\"#2c558a\" stroke-linejoin=\"round\" class=\"nc-icon-wrapper\"><polyline data-cap=\"butt\" data-color=\"color-2\" points=\"4.467 9.467 33 35 59.508 9.439\" fill=\"none\" stroke=\"#2c558a\" stroke-width=\"3.5\"><\/polyline><path d=\"M3,13V51a5,5,0,0,0,5,5H56a5,5,0,0,0,5-5V13a5,5,0,0,0-5-5H8A5,5,0,0,0,3,13Z\" fill=\"none\" stroke=\"#2c558a\" stroke-width=\"3.5\"><\/path><\/g><\/svg>\t\t\t\t\t\t<\/span>\n\t\t\t\t\t\t\t\t\t\t<span class=\"elementor-icon-list-text\">E-Mail<\/span>\n\t\t\t\t\t\t\t\t\t\t\t<\/a>\n\t\t\t\t\t\t\t\t\t<\/li>\n\t\t\t\t\t\t<\/ul>\n\t\t\t\t\t\t<\/div>\n\t\t\t\t<\/div>\n\t\t\t\t<\/div>\n\t\t\t\t\t<\/div>\n\t\t\t\t<\/div>\n\t\t\t\t<\/div>\n\t\t","protected":false},"excerpt":{"rendered":"<p>J\u00fcrg Greter ber\u00e4t nationale und internationale Familien und Privatkunden (HNI) in allen Belangen. Er ist Experte f\u00fcr US-amerikanisches und internationales Steuerrecht, f\u00fcr grenz\u00fcberschreitende Strukturierungen sowie in Erbschaftsberatung. <\/p>\n","protected":false},"author":1,"featured_media":2017,"parent":1231,"menu_order":0,"comment_status":"closed","ping_status":"closed","template":"","meta":{"footnotes":""},"class_list":["post-2180","page","type-page","status-publish","has-post-thumbnail","hentry"],"blocksy_meta":[],"yoast_head":"<!-- This site is optimized with the Yoast SEO plugin v27.2 - https:\/\/yoast.com\/product\/yoast-seo-wordpress\/ -->\n<title>J\u00fcrg Greter - Greter &amp; Partner Rechtsanw\u00e4lte AG<\/title>\n<meta name=\"description\" content=\"J\u00fcrg Greter ber\u00e4t nationale und internationale Familien und Privatkunden (HNI) in allen Belangen.\" \/>\n<meta name=\"robots\" content=\"index, follow, max-snippet:-1, max-image-preview:large, max-video-preview:-1\" \/>\n<link rel=\"canonical\" href=\"https:\/\/www.greterlaw.com\/de\/ueber-uns\/juerg-greter\/\" \/>\n<meta property=\"og:locale\" content=\"de_DE\" \/>\n<meta property=\"og:type\" content=\"article\" \/>\n<meta property=\"og:title\" content=\"J\u00fcrg Greter - Greter &amp; Partner Rechtsanw\u00e4lte AG\" \/>\n<meta property=\"og:description\" content=\"J\u00fcrg Greter ber\u00e4t nationale und internationale Familien und Privatkunden (HNI) in allen Belangen.\" \/>\n<meta property=\"og:url\" content=\"https:\/\/www.greterlaw.com\/de\/ueber-uns\/juerg-greter\/\" \/>\n<meta property=\"og:site_name\" content=\"Greter &amp; Partner Rechtsanw\u00e4lte AG\" \/>\n<meta property=\"article:modified_time\" content=\"2026-01-02T14:21:49+00:00\" \/>\n<meta property=\"og:image\" content=\"https:\/\/www.greterlaw.com\/wp-content\/uploads\/2025\/11\/Jurg-Greter.jpg\" \/>\n\t<meta property=\"og:image:width\" content=\"616\" \/>\n\t<meta property=\"og:image:height\" content=\"922\" \/>\n\t<meta property=\"og:image:type\" content=\"image\/jpeg\" \/>\n<meta name=\"twitter:card\" content=\"summary_large_image\" \/>\n<meta name=\"twitter:label1\" content=\"Gesch\u00e4tzte Lesezeit\" \/>\n\t<meta name=\"twitter:data1\" content=\"1\u00a0Minute\" \/>\n<script type=\"application\/ld+json\" class=\"yoast-schema-graph\">{\"@context\":\"https:\/\/schema.org\",\"@graph\":[{\"@type\":\"WebPage\",\"@id\":\"https:\/\/www.greterlaw.com\/de\/ueber-uns\/juerg-greter\/\",\"url\":\"https:\/\/www.greterlaw.com\/de\/ueber-uns\/juerg-greter\/\",\"name\":\"J\u00fcrg Greter - Greter & Partner Rechtsanw\u00e4lte AG\",\"isPartOf\":{\"@id\":\"https:\/\/www.greterlaw.com\/de\/#website\"},\"primaryImageOfPage\":{\"@id\":\"https:\/\/www.greterlaw.com\/de\/ueber-uns\/juerg-greter\/#primaryimage\"},\"image\":{\"@id\":\"https:\/\/www.greterlaw.com\/de\/ueber-uns\/juerg-greter\/#primaryimage\"},\"thumbnailUrl\":\"https:\/\/www.greterlaw.com\/wp-content\/uploads\/2025\/11\/Jurg-Greter.jpg\",\"datePublished\":\"2025-11-20T08:22:43+00:00\",\"dateModified\":\"2026-01-02T14:21:49+00:00\",\"description\":\"J\u00fcrg Greter ber\u00e4t nationale und internationale Familien und Privatkunden (HNI) in allen Belangen.\",\"breadcrumb\":{\"@id\":\"https:\/\/www.greterlaw.com\/de\/ueber-uns\/juerg-greter\/#breadcrumb\"},\"inLanguage\":\"de\",\"potentialAction\":[{\"@type\":\"ReadAction\",\"target\":[\"https:\/\/www.greterlaw.com\/de\/ueber-uns\/juerg-greter\/\"]}]},{\"@type\":\"ImageObject\",\"inLanguage\":\"de\",\"@id\":\"https:\/\/www.greterlaw.com\/de\/ueber-uns\/juerg-greter\/#primaryimage\",\"url\":\"https:\/\/www.greterlaw.com\/wp-content\/uploads\/2025\/11\/Jurg-Greter.jpg\",\"contentUrl\":\"https:\/\/www.greterlaw.com\/wp-content\/uploads\/2025\/11\/Jurg-Greter.jpg\",\"width\":616,\"height\":922,\"caption\":\"J\u00fcrg Greter\"},{\"@type\":\"BreadcrumbList\",\"@id\":\"https:\/\/www.greterlaw.com\/de\/ueber-uns\/juerg-greter\/#breadcrumb\",\"itemListElement\":[{\"@type\":\"ListItem\",\"position\":1,\"name\":\"Home\",\"item\":\"https:\/\/www.greterlaw.com\/de\/\"},{\"@type\":\"ListItem\",\"position\":2,\"name\":\"\u00dcber uns\",\"item\":\"https:\/\/www.greterlaw.com\/de\/ueber-uns\/\"},{\"@type\":\"ListItem\",\"position\":3,\"name\":\"J\u00fcrg Greter\"}]},{\"@type\":\"WebSite\",\"@id\":\"https:\/\/www.greterlaw.com\/de\/#website\",\"url\":\"https:\/\/www.greterlaw.com\/de\/\",\"name\":\"Greter & Partner Rechtsanw\u00e4lte AG\",\"description\":\"\",\"publisher\":{\"@id\":\"https:\/\/www.greterlaw.com\/de\/#organization\"},\"potentialAction\":[{\"@type\":\"SearchAction\",\"target\":{\"@type\":\"EntryPoint\",\"urlTemplate\":\"https:\/\/www.greterlaw.com\/de\/?s={search_term_string}\"},\"query-input\":{\"@type\":\"PropertyValueSpecification\",\"valueRequired\":true,\"valueName\":\"search_term_string\"}}],\"inLanguage\":\"de\"},{\"@type\":\"Organization\",\"@id\":\"https:\/\/www.greterlaw.com\/de\/#organization\",\"name\":\"Greter & Partner Rechtsanw\u00e4lte AG\",\"url\":\"https:\/\/www.greterlaw.com\/de\/\",\"logo\":{\"@type\":\"ImageObject\",\"inLanguage\":\"de\",\"@id\":\"https:\/\/www.greterlaw.com\/de\/#\/schema\/logo\/image\/\",\"url\":\"https:\/\/www.greterlaw.com\/wp-content\/uploads\/2025\/11\/GreterLaw-Logo-EN.png\",\"contentUrl\":\"https:\/\/www.greterlaw.com\/wp-content\/uploads\/2025\/11\/GreterLaw-Logo-EN.png\",\"width\":478,\"height\":160,\"caption\":\"Greter & Partner Rechtsanw\u00e4lte AG\"},\"image\":{\"@id\":\"https:\/\/www.greterlaw.com\/de\/#\/schema\/logo\/image\/\"}}]}<\/script>\n<!-- \/ Yoast SEO plugin. -->","yoast_head_json":{"title":"J\u00fcrg Greter - Greter & Partner Rechtsanw\u00e4lte AG","description":"J\u00fcrg Greter ber\u00e4t nationale und internationale Familien und Privatkunden (HNI) in allen Belangen.","robots":{"index":"index","follow":"follow","max-snippet":"max-snippet:-1","max-image-preview":"max-image-preview:large","max-video-preview":"max-video-preview:-1"},"canonical":"https:\/\/www.greterlaw.com\/de\/ueber-uns\/juerg-greter\/","og_locale":"de_DE","og_type":"article","og_title":"J\u00fcrg Greter - Greter & Partner Rechtsanw\u00e4lte AG","og_description":"J\u00fcrg Greter ber\u00e4t nationale und internationale Familien und Privatkunden (HNI) in allen Belangen.","og_url":"https:\/\/www.greterlaw.com\/de\/ueber-uns\/juerg-greter\/","og_site_name":"Greter &amp; Partner Rechtsanw\u00e4lte AG","article_modified_time":"2026-01-02T14:21:49+00:00","og_image":[{"width":616,"height":922,"url":"https:\/\/www.greterlaw.com\/wp-content\/uploads\/2025\/11\/Jurg-Greter.jpg","type":"image\/jpeg"}],"twitter_card":"summary_large_image","twitter_misc":{"Gesch\u00e4tzte Lesezeit":"1\u00a0Minute"},"schema":{"@context":"https:\/\/schema.org","@graph":[{"@type":"WebPage","@id":"https:\/\/www.greterlaw.com\/de\/ueber-uns\/juerg-greter\/","url":"https:\/\/www.greterlaw.com\/de\/ueber-uns\/juerg-greter\/","name":"J\u00fcrg Greter - Greter & Partner Rechtsanw\u00e4lte AG","isPartOf":{"@id":"https:\/\/www.greterlaw.com\/de\/#website"},"primaryImageOfPage":{"@id":"https:\/\/www.greterlaw.com\/de\/ueber-uns\/juerg-greter\/#primaryimage"},"image":{"@id":"https:\/\/www.greterlaw.com\/de\/ueber-uns\/juerg-greter\/#primaryimage"},"thumbnailUrl":"https:\/\/www.greterlaw.com\/wp-content\/uploads\/2025\/11\/Jurg-Greter.jpg","datePublished":"2025-11-20T08:22:43+00:00","dateModified":"2026-01-02T14:21:49+00:00","description":"J\u00fcrg Greter ber\u00e4t nationale und internationale Familien und Privatkunden (HNI) in allen Belangen.","breadcrumb":{"@id":"https:\/\/www.greterlaw.com\/de\/ueber-uns\/juerg-greter\/#breadcrumb"},"inLanguage":"de","potentialAction":[{"@type":"ReadAction","target":["https:\/\/www.greterlaw.com\/de\/ueber-uns\/juerg-greter\/"]}]},{"@type":"ImageObject","inLanguage":"de","@id":"https:\/\/www.greterlaw.com\/de\/ueber-uns\/juerg-greter\/#primaryimage","url":"https:\/\/www.greterlaw.com\/wp-content\/uploads\/2025\/11\/Jurg-Greter.jpg","contentUrl":"https:\/\/www.greterlaw.com\/wp-content\/uploads\/2025\/11\/Jurg-Greter.jpg","width":616,"height":922,"caption":"J\u00fcrg Greter"},{"@type":"BreadcrumbList","@id":"https:\/\/www.greterlaw.com\/de\/ueber-uns\/juerg-greter\/#breadcrumb","itemListElement":[{"@type":"ListItem","position":1,"name":"Home","item":"https:\/\/www.greterlaw.com\/de\/"},{"@type":"ListItem","position":2,"name":"\u00dcber uns","item":"https:\/\/www.greterlaw.com\/de\/ueber-uns\/"},{"@type":"ListItem","position":3,"name":"J\u00fcrg Greter"}]},{"@type":"WebSite","@id":"https:\/\/www.greterlaw.com\/de\/#website","url":"https:\/\/www.greterlaw.com\/de\/","name":"Greter & Partner Rechtsanw\u00e4lte AG","description":"","publisher":{"@id":"https:\/\/www.greterlaw.com\/de\/#organization"},"potentialAction":[{"@type":"SearchAction","target":{"@type":"EntryPoint","urlTemplate":"https:\/\/www.greterlaw.com\/de\/?s={search_term_string}"},"query-input":{"@type":"PropertyValueSpecification","valueRequired":true,"valueName":"search_term_string"}}],"inLanguage":"de"},{"@type":"Organization","@id":"https:\/\/www.greterlaw.com\/de\/#organization","name":"Greter & Partner Rechtsanw\u00e4lte AG","url":"https:\/\/www.greterlaw.com\/de\/","logo":{"@type":"ImageObject","inLanguage":"de","@id":"https:\/\/www.greterlaw.com\/de\/#\/schema\/logo\/image\/","url":"https:\/\/www.greterlaw.com\/wp-content\/uploads\/2025\/11\/GreterLaw-Logo-EN.png","contentUrl":"https:\/\/www.greterlaw.com\/wp-content\/uploads\/2025\/11\/GreterLaw-Logo-EN.png","width":478,"height":160,"caption":"Greter & Partner Rechtsanw\u00e4lte AG"},"image":{"@id":"https:\/\/www.greterlaw.com\/de\/#\/schema\/logo\/image\/"}}]}},"_links":{"self":[{"href":"https:\/\/www.greterlaw.com\/de\/wp-json\/wp\/v2\/pages\/2180","targetHints":{"allow":["GET"]}}],"collection":[{"href":"https:\/\/www.greterlaw.com\/de\/wp-json\/wp\/v2\/pages"}],"about":[{"href":"https:\/\/www.greterlaw.com\/de\/wp-json\/wp\/v2\/types\/page"}],"author":[{"embeddable":true,"href":"https:\/\/www.greterlaw.com\/de\/wp-json\/wp\/v2\/users\/1"}],"replies":[{"embeddable":true,"href":"https:\/\/www.greterlaw.com\/de\/wp-json\/wp\/v2\/comments?post=2180"}],"version-history":[{"count":36,"href":"https:\/\/www.greterlaw.com\/de\/wp-json\/wp\/v2\/pages\/2180\/revisions"}],"predecessor-version":[{"id":3055,"href":"https:\/\/www.greterlaw.com\/de\/wp-json\/wp\/v2\/pages\/2180\/revisions\/3055"}],"up":[{"embeddable":true,"href":"https:\/\/www.greterlaw.com\/de\/wp-json\/wp\/v2\/pages\/1231"}],"wp:featuredmedia":[{"embeddable":true,"href":"https:\/\/www.greterlaw.com\/de\/wp-json\/wp\/v2\/media\/2017"}],"wp:attachment":[{"href":"https:\/\/www.greterlaw.com\/de\/wp-json\/wp\/v2\/media?parent=2180"}],"curies":[{"name":"wp","href":"https:\/\/api.w.org\/{rel}","templated":true}]}}