{"id":2098,"date":"2025-11-14T07:09:25","date_gmt":"2025-11-14T07:09:25","guid":{"rendered":"https:\/\/greterlaw.com\/?page_id=2098"},"modified":"2025-11-26T13:53:33","modified_gmt":"2025-11-26T13:53:33","slug":"impressum","status":"publish","type":"page","link":"https:\/\/www.greterlaw.com\/de\/impressum\/","title":{"rendered":"Impressum"},"content":{"rendered":"\n<p>Diese Internet-Seite wird bereitgestellt durch:<\/p>\n\n\n\n<p>Greter &amp; Partner Rechtsanw\u00e4lte AG<br>General Guisan-Quai 22<br>CH-8002 Z\u00fcrich<br><br>Tel. +41 44 285 90 10<br>info@greterlaw.com<br>UID: CHE-327.011.156 MWST<br><br>Gesch\u00e4ftsf\u00fchrung: J\u00fcrg Greter<\/p>\n","protected":false},"excerpt":{"rendered":"<p>Diese Internet-Seite wird bereitgestellt durch: Greter &amp; Partner Rechtsanw\u00e4lte AGGeneral Guisan-Quai 22CH-8002 Z\u00fcrich Tel. +41 44 285 90 10info@greterlaw.comUID: CHE-327.011.156 MWST Gesch\u00e4ftsf\u00fchrung: J\u00fcrg Greter<\/p>\n","protected":false},"author":1,"featured_media":0,"parent":0,"menu_order":0,"comment_status":"closed","ping_status":"closed","template":"","meta":{"footnotes":""},"class_list":["post-2098","page","type-page","status-publish","hentry"],"blocksy_meta":[],"yoast_head":"<!-- This site is optimized with the Yoast SEO plugin v27.2 - https:\/\/yoast.com\/product\/yoast-seo-wordpress\/ -->\n<title>Impressum - Greter &amp; Partner Rechtsanw\u00e4lte AG<\/title>\n<meta name=\"description\" content=\"Impressum von Greter &amp; Partner Rechtsanw\u00e4lte AG, Z\u00fcrich. Rechtliche Angaben, Kontaktdaten und Verantwortlichkeiten der Kanzlei.\" \/>\n<meta name=\"robots\" content=\"index, follow, max-snippet:-1, max-image-preview:large, max-video-preview:-1\" \/>\n<link rel=\"canonical\" href=\"https:\/\/www.greterlaw.com\/de\/impressum\/\" \/>\n<meta property=\"og:locale\" content=\"de_DE\" \/>\n<meta property=\"og:type\" content=\"article\" \/>\n<meta property=\"og:title\" content=\"Impressum - Greter &amp; Partner Rechtsanw\u00e4lte AG\" \/>\n<meta property=\"og:description\" content=\"Impressum von Greter &amp; Partner Rechtsanw\u00e4lte AG, Z\u00fcrich. Rechtliche Angaben, Kontaktdaten und Verantwortlichkeiten der Kanzlei.\" \/>\n<meta property=\"og:url\" content=\"https:\/\/www.greterlaw.com\/de\/impressum\/\" \/>\n<meta property=\"og:site_name\" content=\"Greter &amp; Partner Rechtsanw\u00e4lte AG\" \/>\n<meta property=\"article:modified_time\" content=\"2025-11-26T13:53:33+00:00\" \/>\n<meta name=\"twitter:card\" content=\"summary_large_image\" \/>\n<meta name=\"twitter:label1\" content=\"Gesch\u00e4tzte Lesezeit\" \/>\n\t<meta name=\"twitter:data1\" content=\"1\u00a0Minute\" \/>\n<script type=\"application\/ld+json\" class=\"yoast-schema-graph\">{\"@context\":\"https:\/\/schema.org\",\"@graph\":[{\"@type\":\"WebPage\",\"@id\":\"https:\/\/www.greterlaw.com\/de\/impressum\/\",\"url\":\"https:\/\/www.greterlaw.com\/de\/impressum\/\",\"name\":\"Impressum - Greter & Partner Rechtsanw\u00e4lte AG\",\"isPartOf\":{\"@id\":\"https:\/\/www.greterlaw.com\/de\/#website\"},\"datePublished\":\"2025-11-14T07:09:25+00:00\",\"dateModified\":\"2025-11-26T13:53:33+00:00\",\"description\":\"Impressum von Greter & Partner Rechtsanw\u00e4lte AG, Z\u00fcrich. Rechtliche Angaben, Kontaktdaten und Verantwortlichkeiten der Kanzlei.\",\"breadcrumb\":{\"@id\":\"https:\/\/www.greterlaw.com\/de\/impressum\/#breadcrumb\"},\"inLanguage\":\"de\",\"potentialAction\":[{\"@type\":\"ReadAction\",\"target\":[\"https:\/\/www.greterlaw.com\/de\/impressum\/\"]}]},{\"@type\":\"BreadcrumbList\",\"@id\":\"https:\/\/www.greterlaw.com\/de\/impressum\/#breadcrumb\",\"itemListElement\":[{\"@type\":\"ListItem\",\"position\":1,\"name\":\"Home\",\"item\":\"https:\/\/www.greterlaw.com\/de\/\"},{\"@type\":\"ListItem\",\"position\":2,\"name\":\"Impressum\"}]},{\"@type\":\"WebSite\",\"@id\":\"https:\/\/www.greterlaw.com\/de\/#website\",\"url\":\"https:\/\/www.greterlaw.com\/de\/\",\"name\":\"Greter & Partner Rechtsanw\u00e4lte AG\",\"description\":\"\",\"publisher\":{\"@id\":\"https:\/\/www.greterlaw.com\/de\/#organization\"},\"potentialAction\":[{\"@type\":\"SearchAction\",\"target\":{\"@type\":\"EntryPoint\",\"urlTemplate\":\"https:\/\/www.greterlaw.com\/de\/?s={search_term_string}\"},\"query-input\":{\"@type\":\"PropertyValueSpecification\",\"valueRequired\":true,\"valueName\":\"search_term_string\"}}],\"inLanguage\":\"de\"},{\"@type\":\"Organization\",\"@id\":\"https:\/\/www.greterlaw.com\/de\/#organization\",\"name\":\"Greter & Partner Rechtsanw\u00e4lte AG\",\"url\":\"https:\/\/www.greterlaw.com\/de\/\",\"logo\":{\"@type\":\"ImageObject\",\"inLanguage\":\"de\",\"@id\":\"https:\/\/www.greterlaw.com\/de\/#\/schema\/logo\/image\/\",\"url\":\"https:\/\/www.greterlaw.com\/wp-content\/uploads\/2025\/11\/GreterLaw-Logo-EN.png\",\"contentUrl\":\"https:\/\/www.greterlaw.com\/wp-content\/uploads\/2025\/11\/GreterLaw-Logo-EN.png\",\"width\":478,\"height\":160,\"caption\":\"Greter & Partner Rechtsanw\u00e4lte AG\"},\"image\":{\"@id\":\"https:\/\/www.greterlaw.com\/de\/#\/schema\/logo\/image\/\"}}]}<\/script>\n<!-- \/ Yoast SEO plugin. -->","yoast_head_json":{"title":"Impressum - Greter & Partner Rechtsanw\u00e4lte AG","description":"Impressum von Greter & Partner Rechtsanw\u00e4lte AG, Z\u00fcrich. Rechtliche Angaben, Kontaktdaten und Verantwortlichkeiten der Kanzlei.","robots":{"index":"index","follow":"follow","max-snippet":"max-snippet:-1","max-image-preview":"max-image-preview:large","max-video-preview":"max-video-preview:-1"},"canonical":"https:\/\/www.greterlaw.com\/de\/impressum\/","og_locale":"de_DE","og_type":"article","og_title":"Impressum - Greter & Partner Rechtsanw\u00e4lte AG","og_description":"Impressum von Greter & Partner Rechtsanw\u00e4lte AG, Z\u00fcrich. Rechtliche Angaben, Kontaktdaten und Verantwortlichkeiten der Kanzlei.","og_url":"https:\/\/www.greterlaw.com\/de\/impressum\/","og_site_name":"Greter &amp; Partner Rechtsanw\u00e4lte AG","article_modified_time":"2025-11-26T13:53:33+00:00","twitter_card":"summary_large_image","twitter_misc":{"Gesch\u00e4tzte Lesezeit":"1\u00a0Minute"},"schema":{"@context":"https:\/\/schema.org","@graph":[{"@type":"WebPage","@id":"https:\/\/www.greterlaw.com\/de\/impressum\/","url":"https:\/\/www.greterlaw.com\/de\/impressum\/","name":"Impressum - Greter & Partner Rechtsanw\u00e4lte AG","isPartOf":{"@id":"https:\/\/www.greterlaw.com\/de\/#website"},"datePublished":"2025-11-14T07:09:25+00:00","dateModified":"2025-11-26T13:53:33+00:00","description":"Impressum von Greter & Partner Rechtsanw\u00e4lte AG, Z\u00fcrich. Rechtliche Angaben, Kontaktdaten und Verantwortlichkeiten der Kanzlei.","breadcrumb":{"@id":"https:\/\/www.greterlaw.com\/de\/impressum\/#breadcrumb"},"inLanguage":"de","potentialAction":[{"@type":"ReadAction","target":["https:\/\/www.greterlaw.com\/de\/impressum\/"]}]},{"@type":"BreadcrumbList","@id":"https:\/\/www.greterlaw.com\/de\/impressum\/#breadcrumb","itemListElement":[{"@type":"ListItem","position":1,"name":"Home","item":"https:\/\/www.greterlaw.com\/de\/"},{"@type":"ListItem","position":2,"name":"Impressum"}]},{"@type":"WebSite","@id":"https:\/\/www.greterlaw.com\/de\/#website","url":"https:\/\/www.greterlaw.com\/de\/","name":"Greter & Partner Rechtsanw\u00e4lte AG","description":"","publisher":{"@id":"https:\/\/www.greterlaw.com\/de\/#organization"},"potentialAction":[{"@type":"SearchAction","target":{"@type":"EntryPoint","urlTemplate":"https:\/\/www.greterlaw.com\/de\/?s={search_term_string}"},"query-input":{"@type":"PropertyValueSpecification","valueRequired":true,"valueName":"search_term_string"}}],"inLanguage":"de"},{"@type":"Organization","@id":"https:\/\/www.greterlaw.com\/de\/#organization","name":"Greter & Partner Rechtsanw\u00e4lte AG","url":"https:\/\/www.greterlaw.com\/de\/","logo":{"@type":"ImageObject","inLanguage":"de","@id":"https:\/\/www.greterlaw.com\/de\/#\/schema\/logo\/image\/","url":"https:\/\/www.greterlaw.com\/wp-content\/uploads\/2025\/11\/GreterLaw-Logo-EN.png","contentUrl":"https:\/\/www.greterlaw.com\/wp-content\/uploads\/2025\/11\/GreterLaw-Logo-EN.png","width":478,"height":160,"caption":"Greter & Partner Rechtsanw\u00e4lte AG"},"image":{"@id":"https:\/\/www.greterlaw.com\/de\/#\/schema\/logo\/image\/"}}]}},"_links":{"self":[{"href":"https:\/\/www.greterlaw.com\/de\/wp-json\/wp\/v2\/pages\/2098","targetHints":{"allow":["GET"]}}],"collection":[{"href":"https:\/\/www.greterlaw.com\/de\/wp-json\/wp\/v2\/pages"}],"about":[{"href":"https:\/\/www.greterlaw.com\/de\/wp-json\/wp\/v2\/types\/page"}],"author":[{"embeddable":true,"href":"https:\/\/www.greterlaw.com\/de\/wp-json\/wp\/v2\/users\/1"}],"replies":[{"embeddable":true,"href":"https:\/\/www.greterlaw.com\/de\/wp-json\/wp\/v2\/comments?post=2098"}],"version-history":[{"count":2,"href":"https:\/\/www.greterlaw.com\/de\/wp-json\/wp\/v2\/pages\/2098\/revisions"}],"predecessor-version":[{"id":2967,"href":"https:\/\/www.greterlaw.com\/de\/wp-json\/wp\/v2\/pages\/2098\/revisions\/2967"}],"wp:attachment":[{"href":"https:\/\/www.greterlaw.com\/de\/wp-json\/wp\/v2\/media?parent=2098"}],"curies":[{"name":"wp","href":"https:\/\/api.w.org\/{rel}","templated":true}]}}