{"id":2090,"date":"2025-11-13T20:29:06","date_gmt":"2025-11-13T20:29:06","guid":{"rendered":"https:\/\/greterlaw.com\/?page_id=2090"},"modified":"2025-11-26T13:55:18","modified_gmt":"2025-11-26T13:55:18","slug":"disclaimer","status":"publish","type":"page","link":"https:\/\/www.greterlaw.com\/de\/disclaimer\/","title":{"rendered":"Disclaimer"},"content":{"rendered":"\n<p>Mit dem Inhalt unserer Website erteilen wir keine verbindlichen Rechtsausk\u00fcnfte. Der Inhalt dieser Website dient ausschliesslich Informationszwecken. Ihre Kontaktnahme \u00fcber Email und Internet begr\u00fcndet kein Mandatsverh\u00e4ltnis mit unserer Kanzlei und wir \u00fcbernehmen keine Garantie f\u00fcr den Empfang und die zeitgerechte Bearbeitung Ihrer Email. Sollte Ihre Email eine dringende oder wichtige Mitteilung enthalten, bitten wir Sie, den Adressaten zus\u00e4tzlich telefonisch zu kontaktieren, um sich den Empfang best\u00e4tigen zu lassen. Wir machen Sie darauf aufmerksam, dass die Kommunikation mit Greter &amp; Partner Rechtsanw\u00e4lte AG \u00fcber Email und Internet auf Ihr eigenes Risiko erfolgt und das Anwaltsgeheimnis nicht gew\u00e4hrleistet werden kann.<\/p>\n","protected":false},"excerpt":{"rendered":"<p>Mit dem Inhalt unserer Website erteilen wir keine verbindlichen Rechtsausk\u00fcnfte. Der Inhalt dieser Website dient ausschliesslich Informationszwecken. Ihre Kontaktnahme \u00fcber Email und Internet begr\u00fcndet kein Mandatsverh\u00e4ltnis mit unserer Kanzlei und wir \u00fcbernehmen keine Garantie f\u00fcr den Empfang und die zeitgerechte Bearbeitung Ihrer Email. Sollte Ihre Email eine dringende oder wichtige Mitteilung enthalten, bitten wir Sie, [&hellip;]<\/p>\n","protected":false},"author":1,"featured_media":0,"parent":0,"menu_order":0,"comment_status":"closed","ping_status":"closed","template":"","meta":{"footnotes":""},"class_list":["post-2090","page","type-page","status-publish","hentry"],"blocksy_meta":[],"yoast_head":"<!-- This site is optimized with the Yoast SEO plugin v27.2 - https:\/\/yoast.com\/product\/yoast-seo-wordpress\/ -->\n<title>Disclaimer - Greter &amp; Partner Rechtsanw\u00e4lte AG<\/title>\n<meta name=\"description\" content=\"Mit dem Inhalt unserer Website erteilen wir keine verbindlichen Rechtsausk\u00fcnfte. Der Inhalt dieser Website dient ausschliesslich Informationszwecken.\" \/>\n<meta name=\"robots\" content=\"index, follow, max-snippet:-1, max-image-preview:large, max-video-preview:-1\" \/>\n<link rel=\"canonical\" href=\"https:\/\/www.greterlaw.com\/de\/disclaimer\/\" \/>\n<meta property=\"og:locale\" content=\"de_DE\" \/>\n<meta property=\"og:type\" content=\"article\" \/>\n<meta property=\"og:title\" content=\"Disclaimer - Greter &amp; Partner Rechtsanw\u00e4lte AG\" \/>\n<meta property=\"og:description\" content=\"Mit dem Inhalt unserer Website erteilen wir keine verbindlichen Rechtsausk\u00fcnfte. Der Inhalt dieser Website dient ausschliesslich Informationszwecken.\" \/>\n<meta property=\"og:url\" content=\"https:\/\/www.greterlaw.com\/de\/disclaimer\/\" \/>\n<meta property=\"og:site_name\" content=\"Greter &amp; Partner Rechtsanw\u00e4lte AG\" \/>\n<meta property=\"article:modified_time\" content=\"2025-11-26T13:55:18+00:00\" \/>\n<meta name=\"twitter:card\" content=\"summary_large_image\" \/>\n<meta name=\"twitter:label1\" content=\"Gesch\u00e4tzte Lesezeit\" \/>\n\t<meta name=\"twitter:data1\" content=\"1\u00a0Minute\" \/>\n<script type=\"application\/ld+json\" class=\"yoast-schema-graph\">{\"@context\":\"https:\/\/schema.org\",\"@graph\":[{\"@type\":\"WebPage\",\"@id\":\"https:\/\/www.greterlaw.com\/de\/disclaimer\/\",\"url\":\"https:\/\/www.greterlaw.com\/de\/disclaimer\/\",\"name\":\"Disclaimer - Greter & Partner Rechtsanw\u00e4lte AG\",\"isPartOf\":{\"@id\":\"https:\/\/www.greterlaw.com\/de\/#website\"},\"datePublished\":\"2025-11-13T20:29:06+00:00\",\"dateModified\":\"2025-11-26T13:55:18+00:00\",\"description\":\"Mit dem Inhalt unserer Website erteilen wir keine verbindlichen Rechtsausk\u00fcnfte. Der Inhalt dieser Website dient ausschliesslich Informationszwecken.\",\"breadcrumb\":{\"@id\":\"https:\/\/www.greterlaw.com\/de\/disclaimer\/#breadcrumb\"},\"inLanguage\":\"de\",\"potentialAction\":[{\"@type\":\"ReadAction\",\"target\":[\"https:\/\/www.greterlaw.com\/de\/disclaimer\/\"]}]},{\"@type\":\"BreadcrumbList\",\"@id\":\"https:\/\/www.greterlaw.com\/de\/disclaimer\/#breadcrumb\",\"itemListElement\":[{\"@type\":\"ListItem\",\"position\":1,\"name\":\"Home\",\"item\":\"https:\/\/www.greterlaw.com\/de\/\"},{\"@type\":\"ListItem\",\"position\":2,\"name\":\"Disclaimer\"}]},{\"@type\":\"WebSite\",\"@id\":\"https:\/\/www.greterlaw.com\/de\/#website\",\"url\":\"https:\/\/www.greterlaw.com\/de\/\",\"name\":\"Greter & Partner Rechtsanw\u00e4lte AG\",\"description\":\"\",\"publisher\":{\"@id\":\"https:\/\/www.greterlaw.com\/de\/#organization\"},\"potentialAction\":[{\"@type\":\"SearchAction\",\"target\":{\"@type\":\"EntryPoint\",\"urlTemplate\":\"https:\/\/www.greterlaw.com\/de\/?s={search_term_string}\"},\"query-input\":{\"@type\":\"PropertyValueSpecification\",\"valueRequired\":true,\"valueName\":\"search_term_string\"}}],\"inLanguage\":\"de\"},{\"@type\":\"Organization\",\"@id\":\"https:\/\/www.greterlaw.com\/de\/#organization\",\"name\":\"Greter & Partner Rechtsanw\u00e4lte AG\",\"url\":\"https:\/\/www.greterlaw.com\/de\/\",\"logo\":{\"@type\":\"ImageObject\",\"inLanguage\":\"de\",\"@id\":\"https:\/\/www.greterlaw.com\/de\/#\/schema\/logo\/image\/\",\"url\":\"https:\/\/www.greterlaw.com\/wp-content\/uploads\/2025\/11\/GreterLaw-Logo-EN.png\",\"contentUrl\":\"https:\/\/www.greterlaw.com\/wp-content\/uploads\/2025\/11\/GreterLaw-Logo-EN.png\",\"width\":478,\"height\":160,\"caption\":\"Greter & Partner Rechtsanw\u00e4lte AG\"},\"image\":{\"@id\":\"https:\/\/www.greterlaw.com\/de\/#\/schema\/logo\/image\/\"}}]}<\/script>\n<!-- \/ Yoast SEO plugin. -->","yoast_head_json":{"title":"Disclaimer - Greter & Partner Rechtsanw\u00e4lte AG","description":"Mit dem Inhalt unserer Website erteilen wir keine verbindlichen Rechtsausk\u00fcnfte. Der Inhalt dieser Website dient ausschliesslich Informationszwecken.","robots":{"index":"index","follow":"follow","max-snippet":"max-snippet:-1","max-image-preview":"max-image-preview:large","max-video-preview":"max-video-preview:-1"},"canonical":"https:\/\/www.greterlaw.com\/de\/disclaimer\/","og_locale":"de_DE","og_type":"article","og_title":"Disclaimer - Greter & Partner Rechtsanw\u00e4lte AG","og_description":"Mit dem Inhalt unserer Website erteilen wir keine verbindlichen Rechtsausk\u00fcnfte. Der Inhalt dieser Website dient ausschliesslich Informationszwecken.","og_url":"https:\/\/www.greterlaw.com\/de\/disclaimer\/","og_site_name":"Greter &amp; Partner Rechtsanw\u00e4lte AG","article_modified_time":"2025-11-26T13:55:18+00:00","twitter_card":"summary_large_image","twitter_misc":{"Gesch\u00e4tzte Lesezeit":"1\u00a0Minute"},"schema":{"@context":"https:\/\/schema.org","@graph":[{"@type":"WebPage","@id":"https:\/\/www.greterlaw.com\/de\/disclaimer\/","url":"https:\/\/www.greterlaw.com\/de\/disclaimer\/","name":"Disclaimer - Greter & Partner Rechtsanw\u00e4lte AG","isPartOf":{"@id":"https:\/\/www.greterlaw.com\/de\/#website"},"datePublished":"2025-11-13T20:29:06+00:00","dateModified":"2025-11-26T13:55:18+00:00","description":"Mit dem Inhalt unserer Website erteilen wir keine verbindlichen Rechtsausk\u00fcnfte. Der Inhalt dieser Website dient ausschliesslich Informationszwecken.","breadcrumb":{"@id":"https:\/\/www.greterlaw.com\/de\/disclaimer\/#breadcrumb"},"inLanguage":"de","potentialAction":[{"@type":"ReadAction","target":["https:\/\/www.greterlaw.com\/de\/disclaimer\/"]}]},{"@type":"BreadcrumbList","@id":"https:\/\/www.greterlaw.com\/de\/disclaimer\/#breadcrumb","itemListElement":[{"@type":"ListItem","position":1,"name":"Home","item":"https:\/\/www.greterlaw.com\/de\/"},{"@type":"ListItem","position":2,"name":"Disclaimer"}]},{"@type":"WebSite","@id":"https:\/\/www.greterlaw.com\/de\/#website","url":"https:\/\/www.greterlaw.com\/de\/","name":"Greter & Partner Rechtsanw\u00e4lte AG","description":"","publisher":{"@id":"https:\/\/www.greterlaw.com\/de\/#organization"},"potentialAction":[{"@type":"SearchAction","target":{"@type":"EntryPoint","urlTemplate":"https:\/\/www.greterlaw.com\/de\/?s={search_term_string}"},"query-input":{"@type":"PropertyValueSpecification","valueRequired":true,"valueName":"search_term_string"}}],"inLanguage":"de"},{"@type":"Organization","@id":"https:\/\/www.greterlaw.com\/de\/#organization","name":"Greter & Partner Rechtsanw\u00e4lte AG","url":"https:\/\/www.greterlaw.com\/de\/","logo":{"@type":"ImageObject","inLanguage":"de","@id":"https:\/\/www.greterlaw.com\/de\/#\/schema\/logo\/image\/","url":"https:\/\/www.greterlaw.com\/wp-content\/uploads\/2025\/11\/GreterLaw-Logo-EN.png","contentUrl":"https:\/\/www.greterlaw.com\/wp-content\/uploads\/2025\/11\/GreterLaw-Logo-EN.png","width":478,"height":160,"caption":"Greter & Partner Rechtsanw\u00e4lte AG"},"image":{"@id":"https:\/\/www.greterlaw.com\/de\/#\/schema\/logo\/image\/"}}]}},"_links":{"self":[{"href":"https:\/\/www.greterlaw.com\/de\/wp-json\/wp\/v2\/pages\/2090","targetHints":{"allow":["GET"]}}],"collection":[{"href":"https:\/\/www.greterlaw.com\/de\/wp-json\/wp\/v2\/pages"}],"about":[{"href":"https:\/\/www.greterlaw.com\/de\/wp-json\/wp\/v2\/types\/page"}],"author":[{"embeddable":true,"href":"https:\/\/www.greterlaw.com\/de\/wp-json\/wp\/v2\/users\/1"}],"replies":[{"embeddable":true,"href":"https:\/\/www.greterlaw.com\/de\/wp-json\/wp\/v2\/comments?post=2090"}],"version-history":[{"count":1,"href":"https:\/\/www.greterlaw.com\/de\/wp-json\/wp\/v2\/pages\/2090\/revisions"}],"predecessor-version":[{"id":2093,"href":"https:\/\/www.greterlaw.com\/de\/wp-json\/wp\/v2\/pages\/2090\/revisions\/2093"}],"wp:attachment":[{"href":"https:\/\/www.greterlaw.com\/de\/wp-json\/wp\/v2\/media?parent=2090"}],"curies":[{"name":"wp","href":"https:\/\/api.w.org\/{rel}","templated":true}]}}